{"id":5493,"date":"2018-05-31T14:10:49","date_gmt":"2018-05-31T19:10:49","guid":{"rendered":"https:\/\/hrwize.com\/data\/"},"modified":"2023-01-06T15:24:04","modified_gmt":"2023-01-06T20:24:04","slug":"donnees","status":"publish","type":"page","link":"https:\/\/hrwize.com\/fr\/donnees\/","title":{"rendered":"Donn\u00e9es"},"content":{"rendered":"<section class=\"l-section wpb_row height_large with_img parallax_ver parallaxdir_reversed with_shape\"><div class=\"l-section-img\" role=\"img\" aria-label=\"Image\" style=\"background-image: url(https:\/\/hrwize.com\/wp-content\/uploads\/2017\/09\/HRWize-Logo.png);background-repeat: no-repeat;\"><\/div><div class=\"l-section-shape type_curve pos_bottom\" style=\"height:3vh;\"><svg xmlns=\"http:\/\/www.w3.org\/2000\/svg\" viewBox=\"0 0 64 8\" preserveAspectRatio=\"none\" width=\"100%\" height=\"100%\">\r\n\t<path fill=\"currentColor\" d=\"M64 8 L64 0 Q32 15.8 0 0 L0 8 Z\"\/>\r\n<\/svg><\/div><div class=\"l-section-h i-cf\"><div class=\"g-cols vc_row via_flex valign_top type_default stacking_default\"><div class=\"vc_col-sm-6 wpb_column vc_column_container\"><div class=\"vc_column-inner\"><div class=\"wpb_wrapper\"><div class=\"g-cols wpb_row via_flex valign_top type_default stacking_default\"><div class=\"vc_col-sm-2 wpb_column vc_column_container\"><div class=\"vc_column-inner\"><div class=\"wpb_wrapper\"><\/div><\/div><\/div><div class=\"vc_col-sm-10 wpb_column vc_column_container\"><div class=\"vc_column-inner\"><div class=\"wpb_wrapper\">[vc_custom_heading text=\u00a0\u00bbFonctionnalit\u00e9s des donn\u00e9es\u00a0\u00bb font_container=\u00a0\u00bbtag:h2|font_size:40|text_align:left|color:%23ffffff\u00a0\u00bb use_theme_fonts=\u00a0\u00bbyes\u00a0\u00bb css=\u00a0\u00bb%7B%22default%22%3A%7B%22color%22%3A%22%23aa55a4%22%2C%22font-size%22%3A%2260px%22%2C%22line-height%22%3A%221.1%22%2C%22margin-bottom%22%3A%225px%22%2C%22padding-bottom%22%3A%225px%22%7D%2C%22laptops%22%3A%7B%22color%22%3A%22%23aa55a4%22%2C%22font-size%22%3A%2260px%22%2C%22line-height%22%3A%221.1%22%7D%2C%22tablets%22%3A%7B%22color%22%3A%22%23aa55a4%22%2C%22font-size%22%3A%2240px%22%2C%22line-height%22%3A%221.1%22%7D%2C%22mobiles%22%3A%7B%22color%22%3A%22%23aa55a4%22%2C%22font-size%22%3A%2230px%22%2C%22line-height%22%3A%221.2%22%7D%7D\u00a0\u00bb]<div class=\"wpb_text_column us_custom_c7c4fa86\"><div class=\"wpb_wrapper\"><p>Voyez vos analyses de donn\u00e9es prendre vie<\/p>\n<\/div><\/div><div class=\"ult-spacer spacer-69f6fe175f476\" data-id=\"69f6fe175f476\" data-height=\"40\" data-height-mobile=\"40\" data-height-tab=\"40\" data-height-tab-portrait=\"\" data-height-mobile-landscape=\"\" style=\"clear:both;display:block;\"><\/div><div class=\"w-btn-wrapper align_left\"><a class=\"w-btn us-btn-style_13\" title=\"Contactez-nous\" href=\"https:\/\/hrwize.com\/contactez-nous\/?lang=fr\"><span class=\"w-btn-label\">En savoir plus<\/span><\/a><\/div><\/div><\/div><\/div><\/div><div class=\"ult-spacer spacer-69f6fe175f7f4\" data-id=\"69f6fe175f7f4\" data-height=\"40\" data-height-mobile=\"40\" data-height-tab=\"40\" data-height-tab-portrait=\"\" data-height-mobile-landscape=\"\" style=\"clear:both;display:block;\"><\/div><\/div><\/div><\/div><div class=\"vc_col-sm-6 wpb_column vc_column_container\"><div class=\"vc_column-inner\"><div class=\"wpb_wrapper\"><\/div><\/div><\/div><\/div><\/div><\/section><section class=\"l-section wpb_row height_large\"><div class=\"l-section-h i-cf\"><div class=\"g-cols vc_row via_flex valign_top type_default stacking_default\"><div class=\"vc_col-sm-6 wpb_column vc_column_container\"><div class=\"vc_column-inner\"><div class=\"wpb_wrapper\"><div class=\"g-cols wpb_row via_flex valign_top type_default stacking_default\"><div class=\"vc_col-sm-3 wpb_column vc_column_container\"><div class=\"vc_column-inner\"><div class=\"wpb_wrapper\"><\/div><\/div><\/div><div class=\"vc_col-sm-9 wpb_column vc_column_container\"><div class=\"vc_column-inner\"><div class=\"wpb_wrapper\">[vc_custom_heading text=\u00a0\u00bbRapports\u00a0\u00bb font_container=\u00a0\u00bbtag:h2|font_size:32|text_align:left|color:%23b369ab\u00a0\u00bb use_theme_fonts=\u00a0\u00bbyes\u00a0\u00bb css=\u00a0\u00bb%7B%22default%22%3A%7B%22color%22%3A%22%23b369ab%22%2C%22font-size%22%3A%2240px%22%2C%22line-height%22%3A%221.2%22%7D%2C%22laptops%22%3A%7B%22color%22%3A%22%23b369ab%22%2C%22font-size%22%3A%2240px%22%2C%22line-height%22%3A%221.2%22%7D%2C%22tablets%22%3A%7B%22color%22%3A%22%23b369ab%22%2C%22font-size%22%3A%2240px%22%2C%22line-height%22%3A%221.2%22%7D%2C%22mobiles%22%3A%7B%22color%22%3A%22%23b369ab%22%2C%22font-size%22%3A%2230px%22%2C%22line-height%22%3A%221.2%22%7D%7D\u00a0\u00bb]<div class=\"wpb_text_column us_custom_1f257949\"><div class=\"wpb_wrapper\"><p>Acc\u00e9dez aux informations dont vous avez besoin dans le format souhait\u00e9 en quelques petits clics. Vous \u00eates assur\u00e9 de trouver l\u2019information dont vous avez besoin quand vous en avez besoin.<\/p>\n<\/div><\/div><div class=\"ult-spacer spacer-69f6fe176140a\" data-id=\"69f6fe176140a\" data-height=\"40\" data-height-mobile=\"40\" data-height-tab=\"40\" data-height-tab-portrait=\"\" data-height-mobile-landscape=\"\" style=\"clear:both;display:block;\"><\/div><div class=\"w-btn-wrapper align_left\"><a class=\"w-btn us-btn-style_13\" title=\"D\u00c9MO\" href=\"https:\/\/hrwize.com\/demo\/?lang=fr\"><span class=\"w-btn-label\">R\u00e9servez une d\u00e9mo<\/span><\/a><\/div><\/div><\/div><\/div><\/div><\/div><\/div><\/div><div class=\"vc_col-sm-6 wpb_column vc_column_container\"><div class=\"vc_column-inner\"><div class=\"wpb_wrapper\"><div class=\"g-cols wpb_row via_flex valign_top type_default stacking_default\"><div class=\"vc_col-sm-10 wpb_column vc_column_container\"><div class=\"vc_column-inner\"><div class=\"wpb_wrapper\"><div class=\"w-video align_none ratio_16x9 with_overlay has_iframe\" style=\"background-image:url(https:\/\/hrwize.com\/wp-content\/uploads\/2017\/09\/HRWize-Logo.png);\" onclick=\"return {&quot;player_id&quot;:&quot;youtube-b93c&quot;,&quot;player_api&quot;:&quot;\\\/\\\/www.youtube.com\\\/player_api&quot;,&quot;player_html&quot;:&quot;&lt;div id=\\&quot;youtube-b93c\\&quot;&gt;&lt;\\\/div&gt;&lt;script&gt;\\r\\n\\t\\t\\twindow.USYTPlayers = ( window.USYTPlayers || { initYTFunctions: [], optionsYT: [], USYTInited: false } );\\r\\n\\t\\t\\twindow.USYTPlayers.optionsYT.push( {\\r\\n\\t\\t\\t\\tplayerID: \\&quot;youtube-b93c\\&quot;,\\r\\n\\t\\t\\t\\tvideoID: \\&quot;Xz3Xl2L4nd4\\&quot;,\\r\\n\\t\\t\\t\\tplayerVars: {\\&quot;autoplay\\&quot;:1,\\&quot;controls\\&quot;:1,\\&quot;origin\\&quot;:\\&quot;https:\\\\\\\/\\\\\\\/hrwize.com\\\\\\\/fr\\\\\\\/\\&quot;,\\&quot;loop\\&quot;:0,\\&quot;mute\\&quot;:0,\\&quot;playlist\\&quot;:\\&quot;Xz3Xl2L4nd4\\&quot;}\\r\\n\\t\\t\\t} );\\r\\n\\t\\t\\tif ( window.USYTPlayers.USYTInited === false ) {\\r\\n\\t\\t\\t\\t\\\/\\\/ Trying to override other possible WP YT API calls if our element is used\\r\\n\\t\\t\\t\\twindow.USYTPlayers.USYTInited = true;\\r\\n\\r\\n\\t\\t\\t\\twindow.onYouTubePlayerAPIReady = function() {\\r\\n\\t\\t\\t\\t\\tfor ( var i in window.USYTPlayers.optionsYT ) {\\r\\n\\t\\t\\t\\t\\t\\tvar _playerParams = window.USYTPlayers.optionsYT[ i ];\\r\\n\\t\\t\\t\\t\\t\\t$us.YTPlayers[ _playerParams.playerID ] = new YT.Player( _playerParams.playerID, {\\r\\n\\t\\t\\t\\t\\t\\t\\tvideoId: _playerParams.videoID,\\r\\n\\t\\t\\t\\t\\t\\t\\tplayerVars: _playerParams.playerVars\\r\\n\\t\\t\\t\\t\\t\\t} );\\r\\n\\t\\t\\t\\t\\t}\\r\\n\\t\\t\\t\\t}\\r\\n\\t\\t\\t}\\r\\n\\t\\t\\tif ( !!window.YT ) {\\r\\n\\t\\t\\t\\t$us.YTPlayers[\\&quot;youtube-b93c\\&quot;] = new YT.Player( \\&quot;youtube-b93c\\&quot;, {\\r\\n\\t\\t\\t\\t\\tvideoId: \\&quot;Xz3Xl2L4nd4\\&quot;,\\r\\n\\t\\t\\t\\t\\tplayerVars: {\\&quot;autoplay\\&quot;:1,\\&quot;controls\\&quot;:1,\\&quot;origin\\&quot;:\\&quot;https:\\\\\\\/\\\\\\\/hrwize.com\\\\\\\/fr\\\\\\\/\\&quot;,\\&quot;loop\\&quot;:0,\\&quot;mute\\&quot;:0,\\&quot;playlist\\&quot;:\\&quot;Xz3Xl2L4nd4\\&quot;}\\r\\n\\t\\t\\t\\t} );\\r\\n\\t\\t\\t}\\r\\n\\t\\t&lt;\\\/script&gt;&quot;}\"><button class=\"w-video-play\" type=\"button\" aria-label=\"Lecture\"><span class=\"w-video-play-icon\" style=\"font-size:1.5rem;background:rgba(0,0,0,0.5);color:#ffffff\"><\/span><\/button><div class=\"w-video-h\"><\/div><\/div><\/div><\/div><\/div><div class=\"vc_col-sm-2 wpb_column vc_column_container\"><div class=\"vc_column-inner\"><div class=\"wpb_wrapper\"><\/div><\/div><\/div><\/div><\/div><\/div><\/div><\/div><\/div><\/section><section class=\"l-section wpb_row height_small\"><div class=\"l-section-h i-cf\"><div class=\"g-cols vc_row via_flex valign_top type_default stacking_default\"><div class=\"vc_col-sm-12 wpb_column vc_column_container\"><div class=\"vc_column-inner\"><div class=\"wpb_wrapper\"><div class=\"w-image us_custom_c5787b44 style_shadow-1 align_center\"><div class=\"w-image-h\"><img decoding=\"async\" width=\"1767\" height=\"605\" src=\"https:\/\/hrwize.com\/wp-content\/uploads\/2022\/08\/REports-FR-1.png\" class=\"attachment-full size-full\" alt=\"G\u00e9n\u00e9rateur du rapport screenshot\" loading=\"lazy\" srcset=\"https:\/\/hrwize.com\/wp-content\/uploads\/2022\/08\/REports-FR-1.png 1767w, https:\/\/hrwize.com\/wp-content\/uploads\/2022\/08\/REports-FR-1-300x103.png 300w, https:\/\/hrwize.com\/wp-content\/uploads\/2022\/08\/REports-FR-1-1024x351.png 1024w, https:\/\/hrwize.com\/wp-content\/uploads\/2022\/08\/REports-FR-1-350x120.png 350w, https:\/\/hrwize.com\/wp-content\/uploads\/2022\/08\/REports-FR-1-600x205.png 600w, https:\/\/hrwize.com\/wp-content\/uploads\/2022\/08\/REports-FR-1-768x263.png 768w, https:\/\/hrwize.com\/wp-content\/uploads\/2022\/08\/REports-FR-1-150x51.png 150w, https:\/\/hrwize.com\/wp-content\/uploads\/2022\/08\/REports-FR-1-95x33.png 95w, https:\/\/hrwize.com\/wp-content\/uploads\/2022\/08\/REports-FR-1-75x26.png 75w, https:\/\/hrwize.com\/wp-content\/uploads\/2022\/08\/REports-FR-1-35x12.png 35w, https:\/\/hrwize.com\/wp-content\/uploads\/2022\/08\/REports-FR-1-200x68.png 200w, https:\/\/hrwize.com\/wp-content\/uploads\/2022\/08\/REports-FR-1-250x86.png 250w, https:\/\/hrwize.com\/wp-content\/uploads\/2022\/08\/REports-FR-1-180x62.png 180w, https:\/\/hrwize.com\/wp-content\/uploads\/2022\/08\/REports-FR-1-190x65.png 190w, https:\/\/hrwize.com\/wp-content\/uploads\/2022\/08\/REports-FR-1-175x60.png 175w, https:\/\/hrwize.com\/wp-content\/uploads\/2022\/08\/REports-FR-1-125x43.png 125w\" sizes=\"auto, (max-width: 1767px) 100vw, 1767px\" \/><\/div><\/div><div class=\"ult-spacer spacer-69f6fe1764017\" data-id=\"69f6fe1764017\" data-height=\"40\" data-height-mobile=\"40\" data-height-tab=\"40\" data-height-tab-portrait=\"\" data-height-mobile-landscape=\"\" style=\"clear:both;display:block;\"><\/div><\/div><\/div><\/div><\/div><\/div><\/section><section class=\"l-section wpb_row height_medium with_shape\"><div class=\"l-section-overlay\" style=\"background:#f9f9f9\"><\/div><div class=\"l-section-shape type_curve-inv pos_top\" style=\"height:3vh;\"><svg xmlns=\"http:\/\/www.w3.org\/2000\/svg\" viewBox=\"0 8 64 8\" preserveAspectRatio=\"none\" width=\"100%\" height=\"100%\">\r\n\t<path fill=\"currentColor\" d=\"M64 15.9 Q32 0.4 0 15.9 L0 18 L64 18 Z\"\/>\r\n<\/svg><\/div><div class=\"l-section-h i-cf\"><div class=\"g-cols vc_row via_flex valign_top type_default stacking_default\"><div class=\"vc_col-sm-6 wpb_column vc_column_container\"><div class=\"vc_column-inner\"><div class=\"wpb_wrapper\"><div class=\"ult-spacer spacer-69f6fe176556f\" data-id=\"69f6fe176556f\" data-height=\"80\" data-height-mobile=\"80\" data-height-tab=\"80\" data-height-tab-portrait=\"\" data-height-mobile-landscape=\"\" style=\"clear:both;display:block;\"><\/div><div class=\"g-cols wpb_row via_flex valign_top type_default stacking_default\"><div class=\"vc_col-sm-3 wpb_column vc_column_container\"><div class=\"vc_column-inner\"><div class=\"wpb_wrapper\"><\/div><\/div><\/div><div class=\"vc_col-sm-9 wpb_column vc_column_container\"><div class=\"vc_column-inner\"><div class=\"wpb_wrapper\">[vc_custom_heading text=\u00a0\u00bbAnalyse des employ\u00e9s\u00a0\u00bb font_container=\u00a0\u00bbtag:h2|font_size:32|text_align:left|color:%23b369ab\u00a0\u00bb use_theme_fonts=\u00a0\u00bbyes\u00a0\u00bb css=\u00a0\u00bb%7B%22default%22%3A%7B%22color%22%3A%22%23aa55a4%22%2C%22font-size%22%3A%2240px%22%2C%22line-height%22%3A%221.2%22%7D%2C%22laptops%22%3A%7B%22color%22%3A%22%23aa55a4%22%2C%22font-size%22%3A%2240px%22%2C%22line-height%22%3A%221.2%22%7D%2C%22tablets%22%3A%7B%22color%22%3A%22%23aa55a4%22%2C%22font-size%22%3A%2240px%22%2C%22line-height%22%3A%221.2%22%7D%2C%22mobiles%22%3A%7B%22color%22%3A%22%23aa55a4%22%2C%22font-size%22%3A%2230px%22%2C%22line-height%22%3A%221.2%22%7D%7D\u00a0\u00bb]<div class=\"wpb_text_column us_custom_1f257949\"><div class=\"wpb_wrapper\"><p>Mettez \u00e0 niveau votre syst\u00e8me avec des analyses compl\u00e8tes de vos employ\u00e9s et votre entreprise, y compris des tableaux\u00a0de bord facile\u00a0\u00e0 lire.\u00a0En savoir plus sur vos employ\u00e9s et les tendances pour aider \u00e0 cr\u00e9er de la valeur pour votre entreprise.<\/p>\n<\/div><\/div><\/div><\/div><\/div><\/div><\/div><\/div><\/div><div class=\"vc_col-sm-6 wpb_column vc_column_container\"><div class=\"vc_column-inner\"><div class=\"wpb_wrapper\"><div class=\"g-cols wpb_row via_flex valign_top type_default stacking_default\"><div class=\"vc_col-sm-10 wpb_column vc_column_container\"><div class=\"vc_column-inner\"><div class=\"wpb_wrapper\"><div class=\"w-image align_none\"><div class=\"w-image-h\"><img decoding=\"async\" width=\"450\" height=\"489\" src=\"https:\/\/hrwize.com\/wp-content\/uploads\/2023\/01\/graphic.png\" class=\"attachment-us_450_0 size-us_450_0\" alt=\"Pouls de l&#039;\u00e9mploy\u00e9 screenshot\" loading=\"lazy\" srcset=\"https:\/\/hrwize.com\/wp-content\/uploads\/2023\/01\/graphic.png 706w, https:\/\/hrwize.com\/wp-content\/uploads\/2023\/01\/graphic-276x300.png 276w, https:\/\/hrwize.com\/wp-content\/uploads\/2023\/01\/graphic-322x350.png 322w, https:\/\/hrwize.com\/wp-content\/uploads\/2023\/01\/graphic-552x600.png 552w, https:\/\/hrwize.com\/wp-content\/uploads\/2023\/01\/graphic-600x652.png 600w, https:\/\/hrwize.com\/wp-content\/uploads\/2023\/01\/graphic-368x400.png 368w, https:\/\/hrwize.com\/wp-content\/uploads\/2023\/01\/graphic-150x163.png 150w, https:\/\/hrwize.com\/wp-content\/uploads\/2023\/01\/graphic-95x103.png 95w, https:\/\/hrwize.com\/wp-content\/uploads\/2023\/01\/graphic-75x81.png 75w, https:\/\/hrwize.com\/wp-content\/uploads\/2023\/01\/graphic-35x38.png 35w, https:\/\/hrwize.com\/wp-content\/uploads\/2023\/01\/graphic-200x217.png 200w, https:\/\/hrwize.com\/wp-content\/uploads\/2023\/01\/graphic-250x272.png 250w, https:\/\/hrwize.com\/wp-content\/uploads\/2023\/01\/graphic-350x380.png 350w, https:\/\/hrwize.com\/wp-content\/uploads\/2023\/01\/graphic-180x196.png 180w, https:\/\/hrwize.com\/wp-content\/uploads\/2023\/01\/graphic-190x206.png 190w, https:\/\/hrwize.com\/wp-content\/uploads\/2023\/01\/graphic-175x190.png 175w, https:\/\/hrwize.com\/wp-content\/uploads\/2023\/01\/graphic-550x598.png 550w, https:\/\/hrwize.com\/wp-content\/uploads\/2023\/01\/graphic-115x125.png 115w\" sizes=\"auto, (max-width: 450px) 100vw, 450px\" \/><\/div><\/div><\/div><\/div><\/div><div class=\"vc_col-sm-2 wpb_column vc_column_container\"><div class=\"vc_column-inner\"><div class=\"wpb_wrapper\"><\/div><\/div><\/div><\/div><\/div><\/div><\/div><\/div><\/div><\/section><section class=\"l-section wpb_row height_small\"><div class=\"l-section-overlay\" style=\"background:#f9f9f9\"><\/div><div class=\"l-section-h i-cf\"><div class=\"g-cols vc_row via_flex valign_top type_default stacking_default\"><div class=\"vc_col-sm-12 wpb_column vc_column_container\"><div class=\"vc_column-inner\"><div class=\"wpb_wrapper\">[vc_custom_heading text=\u00a0\u00bbEn savoir plus?\u00a0\u00bb font_container=\u00a0\u00bbtag:h2|font_size:40|text_align:center|color:%23ffffff\u00a0\u00bb use_theme_fonts=\u00a0\u00bbyes\u00a0\u00bb css=\u00a0\u00bb%7B%22default%22%3A%7B%22color%22%3A%22%23aa55a4%22%2C%22font-size%22%3A%2240px%22%2C%22line-height%22%3A%221.2%22%7D%2C%22laptops%22%3A%7B%22color%22%3A%22%23aa55a4%22%2C%22font-size%22%3A%2240px%22%2C%22line-height%22%3A%221.2%22%7D%2C%22tablets%22%3A%7B%22color%22%3A%22%23aa55a4%22%2C%22font-size%22%3A%2240px%22%2C%22line-height%22%3A%221.2%22%7D%2C%22mobiles%22%3A%7B%22color%22%3A%22%23aa55a4%22%2C%22font-size%22%3A%2230px%22%2C%22line-height%22%3A%221.2%22%7D%7D\u00a0\u00bb]<div class=\"w-btn-wrapper align_center\"><a class=\"w-btn us-btn-style_13 us_custom_f73f4019\" href=\"https:\/\/hrwize.com\/contact\/?lang=fr\"><span class=\"w-btn-label\">Contactez-nous<\/span><\/a><\/div><div class=\"ult-spacer spacer-69f6fe1768b19\" data-id=\"69f6fe1768b19\" data-height=\"40\" data-height-mobile=\"40\" data-height-tab=\"40\" data-height-tab-portrait=\"\" data-height-mobile-landscape=\"\" style=\"clear:both;display:block;\"><\/div><\/div><\/div><\/div><\/div><\/div><\/section>\n","protected":false},"excerpt":{"rendered":"[vc_custom_heading text=\"Fonctionnalit\u00e9s des donn\u00e9es\" font_container=\"tag:h2|font_size:40|text_align:left|color:%23ffffff\" use_theme_fonts=\"yes\" css=\"%7B%22default%22%3A%7B%22color%22%3A%22%23aa55a4%22%2C%22font-size%22%3A%2260px%22%2C%22line-height%22%3A%221.1%22%2C%22margin-bottom%22%3A%225px%22%2C%22padding-bottom%22%3A%225px%22%7D%2C%22laptops%22%3A%7B%22color%22%3A%22%23aa55a4%22%2C%22font-size%22%3A%2260px%22%2C%22line-height%22%3A%221.1%22%7D%2C%22tablets%22%3A%7B%22color%22%3A%22%23aa55a4%22%2C%22font-size%22%3A%2240px%22%2C%22line-height%22%3A%221.1%22%7D%2C%22mobiles%22%3A%7B%22color%22%3A%22%23aa55a4%22%2C%22font-size%22%3A%2230px%22%2C%22line-height%22%3A%221.2%22%7D%7D\"]Voyez vos analyses de donn\u00e9es prendre vie En savoir plus[vc_custom_heading text=\"Rapports\" font_container=\"tag:h2|font_size:32|text_align:left|color:%23b369ab\" use_theme_fonts=\"yes\" css=\"%7B%22default%22%3A%7B%22color%22%3A%22%23b369ab%22%2C%22font-size%22%3A%2240px%22%2C%22line-height%22%3A%221.2%22%7D%2C%22laptops%22%3A%7B%22color%22%3A%22%23b369ab%22%2C%22font-size%22%3A%2240px%22%2C%22line-height%22%3A%221.2%22%7D%2C%22tablets%22%3A%7B%22color%22%3A%22%23b369ab%22%2C%22font-size%22%3A%2240px%22%2C%22line-height%22%3A%221.2%22%7D%2C%22mobiles%22%3A%7B%22color%22%3A%22%23b369ab%22%2C%22font-size%22%3A%2230px%22%2C%22line-height%22%3A%221.2%22%7D%7D\"]Acc\u00e9dez aux informations dont vous avez besoin dans le format souhait\u00e9 en quelques petits clics. Vous \u00eates assur\u00e9 de trouver l\u2019information dont vous avez besoin quand vous en avez besoin. R\u00e9servez une d\u00e9mo [vc_custom_heading text=\"Analyse des...","protected":false},"author":21,"featured_media":0,"parent":0,"menu_order":0,"comment_status":"closed","ping_status":"closed","template":"","meta":{"footnotes":""},"class_list":["post-5493","page","type-page","status-publish","hentry"],"yoast_head":"<!-- This site is optimized with the Yoast SEO Premium plugin v27.2 (Yoast SEO v27.2) - https:\/\/yoast.com\/product\/yoast-seo-premium-wordpress\/ -->\n<title>Donn\u00e9es - HRWize<\/title>\n<meta name=\"description\" content=\"Cloud based human resource (HR) management tool is totally scalable, so that when you grow it grows with you. Employees can manage themselves from a to z.\" \/>\n<meta name=\"robots\" content=\"index, follow, max-snippet:-1, max-image-preview:large, max-video-preview:-1\" \/>\n<link rel=\"canonical\" href=\"https:\/\/hrwize.com\/donnees\/?lang=fr\" \/>\n<meta property=\"og:locale\" content=\"fr_FR\" \/>\n<meta property=\"og:type\" content=\"article\" \/>\n<meta property=\"og:title\" content=\"Donn\u00e9es\" \/>\n<meta property=\"og:description\" content=\"Cloud based human resource (HR) management tool is totally scalable, so that when you grow it grows with you. Employees can manage themselves from a to z.\" \/>\n<meta property=\"og:url\" content=\"https:\/\/hrwize.com\/donnees\/?lang=fr\" \/>\n<meta property=\"og:site_name\" content=\"HRWize\" \/>\n<meta property=\"article:publisher\" content=\"http:\/\/facebook.com\/hrwize\" \/>\n<meta property=\"article:modified_time\" content=\"2023-01-06T20:24:04+00:00\" \/>\n<meta name=\"twitter:card\" content=\"summary_large_image\" \/>\n<meta name=\"twitter:site\" content=\"@hrwize_\" \/>\n<meta name=\"twitter:label1\" content=\"Dur\u00e9e de lecture estim\u00e9e\" \/>\n\t<meta name=\"twitter:data1\" content=\"1 minute\" \/>\n<script type=\"application\/ld+json\" class=\"yoast-schema-graph\">{\"@context\":\"https:\/\/schema.org\",\"@graph\":[{\"@type\":\"WebPage\",\"@id\":\"https:\/\/hrwize.com\/donnees\/?lang=fr\",\"url\":\"https:\/\/hrwize.com\/donnees\/?lang=fr\",\"name\":\"Donn\u00e9es - HRWize\",\"isPartOf\":{\"@id\":\"https:\/\/hrwize.com\/#website\"},\"datePublished\":\"2018-05-31T19:10:49+00:00\",\"dateModified\":\"2023-01-06T20:24:04+00:00\",\"description\":\"Cloud based human resource (HR) management tool is totally scalable, so that when you grow it grows with you. Employees can manage themselves from a to z.\",\"breadcrumb\":{\"@id\":\"https:\/\/hrwize.com\/donnees\/?lang=fr#breadcrumb\"},\"inLanguage\":\"fr-FR\",\"potentialAction\":[{\"@type\":\"ReadAction\",\"target\":[\"https:\/\/hrwize.com\/donnees\/?lang=fr\"]}]},{\"@type\":\"BreadcrumbList\",\"@id\":\"https:\/\/hrwize.com\/donnees\/?lang=fr#breadcrumb\",\"itemListElement\":[{\"@type\":\"ListItem\",\"position\":1,\"name\":\"Home\",\"item\":\"https:\/\/hrwize.com\/fr\/\"},{\"@type\":\"ListItem\",\"position\":2,\"name\":\"Donn\u00e9es\"}]},{\"@type\":\"WebSite\",\"@id\":\"https:\/\/hrwize.com\/#website\",\"url\":\"https:\/\/hrwize.com\/\",\"name\":\"HRWize\",\"description\":\"HRIS solution for growing businesses\",\"publisher\":{\"@id\":\"https:\/\/hrwize.com\/#organization\"},\"potentialAction\":[{\"@type\":\"SearchAction\",\"target\":{\"@type\":\"EntryPoint\",\"urlTemplate\":\"https:\/\/hrwize.com\/?s={search_term_string}\"},\"query-input\":{\"@type\":\"PropertyValueSpecification\",\"valueRequired\":true,\"valueName\":\"search_term_string\"}}],\"inLanguage\":\"fr-FR\"},{\"@type\":\"Organization\",\"@id\":\"https:\/\/hrwize.com\/#organization\",\"name\":\"HRWize\",\"url\":\"https:\/\/hrwize.com\/\",\"logo\":{\"@type\":\"ImageObject\",\"inLanguage\":\"fr-FR\",\"@id\":\"https:\/\/hrwize.com\/#\/schema\/logo\/image\/\",\"url\":\"https:\/\/hrwize.com\/wp-content\/uploads\/2017\/03\/200-HR.png\",\"contentUrl\":\"https:\/\/hrwize.com\/wp-content\/uploads\/2017\/03\/200-HR.png\",\"width\":200,\"height\":96,\"caption\":\"HRWize\"},\"image\":{\"@id\":\"https:\/\/hrwize.com\/#\/schema\/logo\/image\/\"},\"sameAs\":[\"http:\/\/facebook.com\/hrwize\",\"https:\/\/x.com\/hrwize_\",\"http:\/\/instagram.com\/hrwize\",\"https:\/\/www.linkedin.com\/company\/15201221?trk=prof-exp-company-name\"]}]}<\/script>\n<!-- \/ Yoast SEO Premium plugin. -->","yoast_head_json":{"title":"Donn\u00e9es - HRWize","description":"Cloud based human resource (HR) management tool is totally scalable, so that when you grow it grows with you. Employees can manage themselves from a to z.","robots":{"index":"index","follow":"follow","max-snippet":"max-snippet:-1","max-image-preview":"max-image-preview:large","max-video-preview":"max-video-preview:-1"},"canonical":"https:\/\/hrwize.com\/donnees\/?lang=fr","og_locale":"fr_FR","og_type":"article","og_title":"Donn\u00e9es","og_description":"Cloud based human resource (HR) management tool is totally scalable, so that when you grow it grows with you. Employees can manage themselves from a to z.","og_url":"https:\/\/hrwize.com\/donnees\/?lang=fr","og_site_name":"HRWize","article_publisher":"http:\/\/facebook.com\/hrwize","article_modified_time":"2023-01-06T20:24:04+00:00","twitter_card":"summary_large_image","twitter_site":"@hrwize_","twitter_misc":{"Dur\u00e9e de lecture estim\u00e9e":"1 minute"},"schema":{"@context":"https:\/\/schema.org","@graph":[{"@type":"WebPage","@id":"https:\/\/hrwize.com\/donnees\/?lang=fr","url":"https:\/\/hrwize.com\/donnees\/?lang=fr","name":"Donn\u00e9es - HRWize","isPartOf":{"@id":"https:\/\/hrwize.com\/#website"},"datePublished":"2018-05-31T19:10:49+00:00","dateModified":"2023-01-06T20:24:04+00:00","description":"Cloud based human resource (HR) management tool is totally scalable, so that when you grow it grows with you. Employees can manage themselves from a to z.","breadcrumb":{"@id":"https:\/\/hrwize.com\/donnees\/?lang=fr#breadcrumb"},"inLanguage":"fr-FR","potentialAction":[{"@type":"ReadAction","target":["https:\/\/hrwize.com\/donnees\/?lang=fr"]}]},{"@type":"BreadcrumbList","@id":"https:\/\/hrwize.com\/donnees\/?lang=fr#breadcrumb","itemListElement":[{"@type":"ListItem","position":1,"name":"Home","item":"https:\/\/hrwize.com\/fr\/"},{"@type":"ListItem","position":2,"name":"Donn\u00e9es"}]},{"@type":"WebSite","@id":"https:\/\/hrwize.com\/#website","url":"https:\/\/hrwize.com\/","name":"HRWize","description":"HRIS solution for growing businesses","publisher":{"@id":"https:\/\/hrwize.com\/#organization"},"potentialAction":[{"@type":"SearchAction","target":{"@type":"EntryPoint","urlTemplate":"https:\/\/hrwize.com\/?s={search_term_string}"},"query-input":{"@type":"PropertyValueSpecification","valueRequired":true,"valueName":"search_term_string"}}],"inLanguage":"fr-FR"},{"@type":"Organization","@id":"https:\/\/hrwize.com\/#organization","name":"HRWize","url":"https:\/\/hrwize.com\/","logo":{"@type":"ImageObject","inLanguage":"fr-FR","@id":"https:\/\/hrwize.com\/#\/schema\/logo\/image\/","url":"https:\/\/hrwize.com\/wp-content\/uploads\/2017\/03\/200-HR.png","contentUrl":"https:\/\/hrwize.com\/wp-content\/uploads\/2017\/03\/200-HR.png","width":200,"height":96,"caption":"HRWize"},"image":{"@id":"https:\/\/hrwize.com\/#\/schema\/logo\/image\/"},"sameAs":["http:\/\/facebook.com\/hrwize","https:\/\/x.com\/hrwize_","http:\/\/instagram.com\/hrwize","https:\/\/www.linkedin.com\/company\/15201221?trk=prof-exp-company-name"]}]}},"_links":{"self":[{"href":"https:\/\/hrwize.com\/fr\/wp-json\/wp\/v2\/pages\/5493","targetHints":{"allow":["GET"]}}],"collection":[{"href":"https:\/\/hrwize.com\/fr\/wp-json\/wp\/v2\/pages"}],"about":[{"href":"https:\/\/hrwize.com\/fr\/wp-json\/wp\/v2\/types\/page"}],"author":[{"embeddable":true,"href":"https:\/\/hrwize.com\/fr\/wp-json\/wp\/v2\/users\/21"}],"replies":[{"embeddable":true,"href":"https:\/\/hrwize.com\/fr\/wp-json\/wp\/v2\/comments?post=5493"}],"version-history":[{"count":58,"href":"https:\/\/hrwize.com\/fr\/wp-json\/wp\/v2\/pages\/5493\/revisions"}],"predecessor-version":[{"id":12819,"href":"https:\/\/hrwize.com\/fr\/wp-json\/wp\/v2\/pages\/5493\/revisions\/12819"}],"wp:attachment":[{"href":"https:\/\/hrwize.com\/fr\/wp-json\/wp\/v2\/media?parent=5493"}],"curies":[{"name":"wp","href":"https:\/\/api.w.org\/{rel}","templated":true}]}}