{"id":15353,"date":"2026-02-06T14:22:38","date_gmt":"2026-02-06T19:22:38","guid":{"rendered":"https:\/\/hrwize.com\/?page_id=15353"},"modified":"2026-02-09T07:36:10","modified_gmt":"2026-02-09T12:36:10","slug":"page-introuvable","status":"publish","type":"page","link":"https:\/\/hrwize.com\/fr\/page-introuvable\/","title":{"rendered":"Page introuvable"},"content":{"rendered":"<section class=\"l-section wpb_row hide_on_tablets hide_on_mobiles height_large width_full with_img parallax_ver parallaxdir_reversed\"><div class=\"l-section-img\" role=\"img\" aria-label=\"Person holding a sign with the number 404, representing a page not found error\" data-img-width=\"2000\" data-img-height=\"900\" style=\"background-image: url(https:\/\/hrwize.com\/wp-content\/uploads\/2026\/02\/404-Main.jpg);background-repeat: no-repeat;\"><\/div><div class=\"l-section-h i-cf\"><div class=\"g-cols vc_row via_flex valign_top type_default stacking_default\"><div class=\"vc_col-sm-6 wpb_column vc_column_container\"><div class=\"vc_column-inner\"><div class=\"wpb_wrapper\"><div class=\"ult-spacer spacer-69e4b0c137fef\" data-id=\"69e4b0c137fef\" data-height=\"20\" data-height-mobile=\"20\" data-height-tab=\"20\" data-height-tab-portrait=\"\" data-height-mobile-landscape=\"\" style=\"clear:both;display:block;\"><\/div><div class=\"g-cols wpb_row us_custom_bddc3d11 via_flex valign_top type_default stacking_default\"><div class=\"vc_col-sm-12 wpb_column vc_column_container\"><div class=\"vc_column-inner\"><div class=\"wpb_wrapper\">[vc_custom_heading text=\u00a0\u00bbOups&#8230; cette page n&rsquo;a pas poincon\u00e9 aujourd&rsquo;hui.\u00a0\u00bb font_container=\u00a0\u00bbtag:h1|text_align:left\u00a0\u00bb use_theme_fonts=\u00a0\u00bbyes\u00a0\u00bb css=\u00a0\u00bb%7B%22default%22%3A%7B%22color%22%3A%22%23046666%22%2C%22font-size%22%3A%2260px%22%2C%22line-height%22%3A%221.1%22%2C%22letter-spacing%22%3A%22-0.04em%22%2C%22font-family%22%3A%22h1%22%2C%22font-weight%22%3A%22500%22%7D%2C%22laptops%22%3A%7B%22color%22%3A%22%23046666%22%2C%22font-size%22%3A%2260px%22%2C%22line-height%22%3A%221.1%22%2C%22letter-spacing%22%3A%22-0.04em%22%2C%22font-family%22%3A%22h1%22%2C%22font-weight%22%3A%22500%22%7D%2C%22tablets%22%3A%7B%22color%22%3A%22%23046666%22%2C%22font-size%22%3A%2250px%22%2C%22line-height%22%3A%221.1%22%2C%22letter-spacing%22%3A%22-0.04em%22%2C%22font-family%22%3A%22h1%22%2C%22font-weight%22%3A%22500%22%7D%2C%22mobiles%22%3A%7B%22color%22%3A%22%23046666%22%2C%22font-size%22%3A%2240px%22%2C%22line-height%22%3A%221.1%22%2C%22letter-spacing%22%3A%22-0.04em%22%2C%22font-family%22%3A%22h1%22%2C%22font-weight%22%3A%22500%22%7D%7D\u00a0\u00bb]<div class=\"ult-spacer spacer-69e4b0c138662\" data-id=\"69e4b0c138662\" data-height=\"10\" data-height-mobile=\"10\" data-height-tab=\"10\" data-height-tab-portrait=\"\" data-height-mobile-landscape=\"\" style=\"clear:both;display:block;\"><\/div>[vc_custom_heading text=\u00a0\u00bbLa page que vous recherchez a peut-\u00eatre \u00e9t\u00e9 d\u00e9plac\u00e9e, renomm\u00e9e ou est encore en cours d&rsquo;int\u00e9gration.\u00a0\u00bb css=\u00a0\u00bb%7B%22default%22%3A%7B%22color%22%3A%22_content_heading%22%2C%22font-size%22%3A%2230px%22%2C%22line-height%22%3A%221.2%22%2C%22letter-spacing%22%3A%22-0.04em%22%2C%22font-family%22%3A%22h1%22%2C%22font-weight%22%3A%22500%22%7D%7D\u00a0\u00bb]<div class=\"ult-spacer spacer-69e4b0c1386bd\" data-id=\"69e4b0c1386bd\" data-height=\"30\" data-height-mobile=\"30\" data-height-tab=\"30\" data-height-tab-portrait=\"\" data-height-mobile-landscape=\"\" style=\"clear:both;display:block;\"><\/div><div class=\"wpb_text_column us_custom_49f317a8\"><div class=\"wpb_wrapper\"><p>Ne vous inqui\u00e9tez pas, nous vous aiderons \u00e0 vous remettre sur les rails.<\/p>\n<p><strong><a href=\"https:\/\/hrwize.com\/?lang=fr\">Aller \u00e0 la page d&rsquo;accueil<\/a><\/strong><br \/>\n<strong><a href=\"https:\/\/hrwize.com\/apercu-des-fonctionnalites\/?lang=fr\">D\u00e9couvrir les fonctionnalit\u00e9s<\/a><\/strong><br \/>\n<strong><a href=\"https:\/\/hrwize.com\/contactez-nous\/?lang=fr\">Nous contacter<\/a><\/strong><\/p>\n<\/div><\/div><\/div><\/div><\/div><\/div><\/div><\/div><\/div><div class=\"vc_col-sm-6 wpb_column vc_column_container\"><div class=\"vc_column-inner\"><div class=\"wpb_wrapper\"><div class=\"g-cols wpb_row via_flex valign_top type_default stacking_default\"><div class=\"vc_col-sm-12 wpb_column vc_column_container\"><div class=\"vc_column-inner\"><div class=\"wpb_wrapper\"><\/div><\/div><\/div><\/div><\/div><\/div><\/div><\/div><\/div><\/section><section class=\"l-section wpb_row hide_on_default hide_on_laptops height_large width_full parallax_ver parallaxdir_reversed\"><div class=\"l-section-overlay\" style=\"background:#F8FAFB\"><\/div><div class=\"l-section-h i-cf\"><div class=\"g-cols vc_row via_flex valign_top type_default stacking_default\"><div class=\"vc_col-sm-12 wpb_column vc_column_container\"><div class=\"vc_column-inner\"><div class=\"wpb_wrapper\"><div class=\"ult-spacer spacer-69e4b0c139b0d\" data-id=\"69e4b0c139b0d\" data-height=\"120\" data-height-mobile=\"120\" data-height-tab=\"120\" data-height-tab-portrait=\"\" data-height-mobile-landscape=\"\" style=\"clear:both;display:block;\"><\/div><div class=\"g-cols wpb_row us_custom_6bd89eea via_flex valign_top type_default stacking_default\"><div class=\"vc_col-sm-12 wpb_column vc_column_container\"><div class=\"vc_column-inner\"><div class=\"wpb_wrapper\">[vc_custom_heading text=\u00a0\u00bbOups&#8230; cette page n&rsquo;a pas \u00e9t\u00e9 enregistr\u00e9e aujourd&rsquo;hui.\u00a0\u00bb use_theme_fonts=\u00a0\u00bbyes\u00a0\u00bb css=\u00a0\u00bb%7B%22default%22%3A%7B%22color%22%3A%22%23046666%22%2C%22font-size%22%3A%2280px%22%2C%22line-height%22%3A%221.1%22%2C%22letter-spacing%22%3A%22-0.04em%22%2C%22font-family%22%3A%22h1%22%2C%22font-weight%22%3A%22500%22%7D%2C%22laptops%22%3A%7B%22color%22%3A%22%23046666%22%2C%22font-size%22%3A%2280px%22%2C%22line-height%22%3A%221.1%22%2C%22letter-spacing%22%3A%22-0.04em%22%2C%22font-family%22%3A%22h1%22%2C%22font-weight%22%3A%22500%22%7D%2C%22tablets%22%3A%7B%22color%22%3A%22%23046666%22%2C%22font-size%22%3A%2250px%22%2C%22line-height%22%3A%221.1%22%2C%22letter-spacing%22%3A%22-0.04em%22%2C%22font-family%22%3A%22h1%22%2C%22font-weight%22%3A%22500%22%7D%2C%22mobiles%22%3A%7B%22color%22%3A%22%23046666%22%2C%22font-size%22%3A%2250px%22%2C%22line-height%22%3A%221.1%22%2C%22letter-spacing%22%3A%22-0.04em%22%2C%22font-family%22%3A%22h1%22%2C%22font-weight%22%3A%22500%22%7D%7D\u00a0\u00bb]<div class=\"ult-spacer spacer-69e4b0c139f3a\" data-id=\"69e4b0c139f3a\" data-height=\"10\" data-height-mobile=\"10\" data-height-tab=\"10\" data-height-tab-portrait=\"\" data-height-mobile-landscape=\"\" style=\"clear:both;display:block;\"><\/div>[vc_custom_heading text=\u00a0\u00bbLa page que vous recherchez a peut-\u00eatre \u00e9t\u00e9 d\u00e9plac\u00e9e, renomm\u00e9e ou est encore en cours d&rsquo;int\u00e9gration.\u00a0\u00bb font_container=\u00a0\u00bbtag:h3|text_align:left\u00a0\u00bb css=\u00a0\u00bb%7B%22default%22%3A%7B%22color%22%3A%22_content_heading%22%2C%22font-size%22%3A%2230px%22%2C%22line-height%22%3A%221.2%22%2C%22letter-spacing%22%3A%22-0.04em%22%2C%22font-family%22%3A%22h1%22%2C%22font-weight%22%3A%22500%22%7D%7D\u00a0\u00bb]<div class=\"ult-spacer spacer-69e4b0c139f9f\" data-id=\"69e4b0c139f9f\" data-height=\"30\" data-height-mobile=\"30\" data-height-tab=\"30\" data-height-tab-portrait=\"\" data-height-mobile-landscape=\"\" style=\"clear:both;display:block;\"><\/div><div class=\"wpb_text_column us_custom_49f317a8\"><div class=\"wpb_wrapper\"><p>Ne vous inqui\u00e9tez pas, nous vous aiderons \u00e0 vous remettre sur les rails.<\/p>\n<p><strong><a href=\"https:\/\/hrwize.com\/?lang=fr\">Aller \u00e0 la page d&rsquo;accueil<\/a><\/strong><br \/>\n<strong><a href=\"https:\/\/hrwize.com\/apercu-des-fonctionnalites\/?lang=fr\">D\u00e9couvrir les fonctionnalit\u00e9s<\/a><\/strong><br \/>\n<strong><a href=\"https:\/\/hrwize.com\/contactez-nous\/?lang=fr\">Nous contacter<\/a><\/strong><\/p>\n<\/div><\/div><\/div><\/div><\/div><\/div><\/div><\/div><\/div><\/div><\/div><\/section>\n","protected":false},"excerpt":{"rendered":"[vc_custom_heading text=\"Oups... cette page n'a pas poincon\u00e9 aujourd'hui.\" font_container=\"tag:h1|text_align:left\" use_theme_fonts=\"yes\" css=\"%7B%22default%22%3A%7B%22color%22%3A%22%23046666%22%2C%22font-size%22%3A%2260px%22%2C%22line-height%22%3A%221.1%22%2C%22letter-spacing%22%3A%22-0.04em%22%2C%22font-family%22%3A%22h1%22%2C%22font-weight%22%3A%22500%22%7D%2C%22laptops%22%3A%7B%22color%22%3A%22%23046666%22%2C%22font-size%22%3A%2260px%22%2C%22line-height%22%3A%221.1%22%2C%22letter-spacing%22%3A%22-0.04em%22%2C%22font-family%22%3A%22h1%22%2C%22font-weight%22%3A%22500%22%7D%2C%22tablets%22%3A%7B%22color%22%3A%22%23046666%22%2C%22font-size%22%3A%2250px%22%2C%22line-height%22%3A%221.1%22%2C%22letter-spacing%22%3A%22-0.04em%22%2C%22font-family%22%3A%22h1%22%2C%22font-weight%22%3A%22500%22%7D%2C%22mobiles%22%3A%7B%22color%22%3A%22%23046666%22%2C%22font-size%22%3A%2240px%22%2C%22line-height%22%3A%221.1%22%2C%22letter-spacing%22%3A%22-0.04em%22%2C%22font-family%22%3A%22h1%22%2C%22font-weight%22%3A%22500%22%7D%7D\"][vc_custom_heading text=\"La page que vous recherchez a peut-\u00eatre \u00e9t\u00e9 d\u00e9plac\u00e9e, renomm\u00e9e ou est encore en cours d'int\u00e9gration.\" css=\"%7B%22default%22%3A%7B%22color%22%3A%22_content_heading%22%2C%22font-size%22%3A%2230px%22%2C%22line-height%22%3A%221.2%22%2C%22letter-spacing%22%3A%22-0.04em%22%2C%22font-family%22%3A%22h1%22%2C%22font-weight%22%3A%22500%22%7D%7D\"]Ne vous inqui\u00e9tez pas, nous vous aiderons \u00e0 vous remettre sur les rails. Aller \u00e0 la page d&rsquo;accueil D\u00e9couvrir les fonctionnalit\u00e9s Nous contacter [vc_custom_heading text=\"Oups... cette page n'a...","protected":false},"author":21,"featured_media":9102,"parent":0,"menu_order":0,"comment_status":"closed","ping_status":"closed","template":"","meta":{"footnotes":""},"class_list":["post-15353","page","type-page","status-publish","has-post-thumbnail","hentry"],"yoast_head":"<!-- This site is optimized with the Yoast SEO Premium plugin v27.2 (Yoast SEO v27.2) - https:\/\/yoast.com\/product\/yoast-seo-premium-wordpress\/ -->\n<title>page introuvable | HRWIze<\/title>\n<meta name=\"description\" content=\"Oups, cette page est introuvable. Retournez \u00e0 HRWize pour continuer \u00e0 g\u00e9rer vos RH, vos donn\u00e9es et vos workflows en toute simplicit\u00e9.\" \/>\n<meta name=\"robots\" content=\"index, follow, max-snippet:-1, max-image-preview:large, max-video-preview:-1\" \/>\n<link rel=\"canonical\" href=\"https:\/\/hrwize.com\/page-introuvable\/?lang=fr\" \/>\n<meta property=\"og:locale\" content=\"fr_FR\" \/>\n<meta property=\"og:type\" content=\"article\" \/>\n<meta property=\"og:title\" content=\"Page introuvable\" \/>\n<meta property=\"og:description\" content=\"Oups, cette page est introuvable. Retournez \u00e0 HRWize pour continuer \u00e0 g\u00e9rer vos RH, vos donn\u00e9es et vos workflows en toute simplicit\u00e9.\" \/>\n<meta property=\"og:url\" content=\"https:\/\/hrwize.com\/page-introuvable\/?lang=fr\" \/>\n<meta property=\"og:site_name\" content=\"HRWize\" \/>\n<meta property=\"article:publisher\" content=\"http:\/\/facebook.com\/hrwize\" \/>\n<meta property=\"article:modified_time\" content=\"2026-02-09T12:36:10+00:00\" \/>\n<meta property=\"og:image\" content=\"https:\/\/hrwize.com\/wp-content\/uploads\/2021\/09\/HRWize-Logo2021-1.png\" \/>\n\t<meta property=\"og:image:width\" content=\"596\" \/>\n\t<meta property=\"og:image:height\" content=\"236\" \/>\n\t<meta property=\"og:image:type\" content=\"image\/png\" \/>\n<meta name=\"twitter:card\" content=\"summary_large_image\" \/>\n<meta name=\"twitter:site\" content=\"@hrwize_\" \/>\n<meta name=\"twitter:label1\" content=\"Dur\u00e9e de lecture estim\u00e9e\" \/>\n\t<meta name=\"twitter:data1\" content=\"1 minute\" \/>\n<script type=\"application\/ld+json\" class=\"yoast-schema-graph\">{\"@context\":\"https:\/\/schema.org\",\"@graph\":[{\"@type\":\"WebPage\",\"@id\":\"https:\/\/hrwize.com\/page-introuvable\/?lang=fr\",\"url\":\"https:\/\/hrwize.com\/page-introuvable\/?lang=fr\",\"name\":\"page introuvable | HRWIze\",\"isPartOf\":{\"@id\":\"https:\/\/hrwize.com\/#website\"},\"primaryImageOfPage\":{\"@id\":\"https:\/\/hrwize.com\/page-introuvable\/?lang=fr#primaryimage\"},\"image\":{\"@id\":\"https:\/\/hrwize.com\/page-introuvable\/?lang=fr#primaryimage\"},\"thumbnailUrl\":\"https:\/\/hrwize.com\/wp-content\/uploads\/2021\/09\/HRWize-Logo2021-1.png\",\"datePublished\":\"2026-02-06T19:22:38+00:00\",\"dateModified\":\"2026-02-09T12:36:10+00:00\",\"description\":\"Oups, cette page est introuvable. Retournez \u00e0 HRWize pour continuer \u00e0 g\u00e9rer vos RH, vos donn\u00e9es et vos workflows en toute simplicit\u00e9.\",\"breadcrumb\":{\"@id\":\"https:\/\/hrwize.com\/page-introuvable\/?lang=fr#breadcrumb\"},\"inLanguage\":\"fr-FR\",\"potentialAction\":[{\"@type\":\"ReadAction\",\"target\":[\"https:\/\/hrwize.com\/page-introuvable\/?lang=fr\"]}]},{\"@type\":\"ImageObject\",\"inLanguage\":\"fr-FR\",\"@id\":\"https:\/\/hrwize.com\/page-introuvable\/?lang=fr#primaryimage\",\"url\":\"https:\/\/hrwize.com\/wp-content\/uploads\/2021\/09\/HRWize-Logo2021-1.png\",\"contentUrl\":\"https:\/\/hrwize.com\/wp-content\/uploads\/2021\/09\/HRWize-Logo2021-1.png\",\"width\":596,\"height\":236,\"caption\":\"Full colour HRWize logo\"},{\"@type\":\"BreadcrumbList\",\"@id\":\"https:\/\/hrwize.com\/page-introuvable\/?lang=fr#breadcrumb\",\"itemListElement\":[{\"@type\":\"ListItem\",\"position\":1,\"name\":\"Home\",\"item\":\"https:\/\/hrwize.com\/fr\/\"},{\"@type\":\"ListItem\",\"position\":2,\"name\":\"Page introuvable\"}]},{\"@type\":\"WebSite\",\"@id\":\"https:\/\/hrwize.com\/#website\",\"url\":\"https:\/\/hrwize.com\/\",\"name\":\"HRWize\",\"description\":\"HRIS solution for growing businesses\",\"publisher\":{\"@id\":\"https:\/\/hrwize.com\/#organization\"},\"potentialAction\":[{\"@type\":\"SearchAction\",\"target\":{\"@type\":\"EntryPoint\",\"urlTemplate\":\"https:\/\/hrwize.com\/?s={search_term_string}\"},\"query-input\":{\"@type\":\"PropertyValueSpecification\",\"valueRequired\":true,\"valueName\":\"search_term_string\"}}],\"inLanguage\":\"fr-FR\"},{\"@type\":\"Organization\",\"@id\":\"https:\/\/hrwize.com\/#organization\",\"name\":\"HRWize\",\"url\":\"https:\/\/hrwize.com\/\",\"logo\":{\"@type\":\"ImageObject\",\"inLanguage\":\"fr-FR\",\"@id\":\"https:\/\/hrwize.com\/#\/schema\/logo\/image\/\",\"url\":\"https:\/\/hrwize.com\/wp-content\/uploads\/2017\/03\/200-HR.png\",\"contentUrl\":\"https:\/\/hrwize.com\/wp-content\/uploads\/2017\/03\/200-HR.png\",\"width\":200,\"height\":96,\"caption\":\"HRWize\"},\"image\":{\"@id\":\"https:\/\/hrwize.com\/#\/schema\/logo\/image\/\"},\"sameAs\":[\"http:\/\/facebook.com\/hrwize\",\"https:\/\/x.com\/hrwize_\",\"http:\/\/instagram.com\/hrwize\",\"https:\/\/www.linkedin.com\/company\/15201221?trk=prof-exp-company-name\"]}]}<\/script>\n<!-- \/ Yoast SEO Premium plugin. -->","yoast_head_json":{"title":"page introuvable | HRWIze","description":"Oups, cette page est introuvable. Retournez \u00e0 HRWize pour continuer \u00e0 g\u00e9rer vos RH, vos donn\u00e9es et vos workflows en toute simplicit\u00e9.","robots":{"index":"index","follow":"follow","max-snippet":"max-snippet:-1","max-image-preview":"max-image-preview:large","max-video-preview":"max-video-preview:-1"},"canonical":"https:\/\/hrwize.com\/page-introuvable\/?lang=fr","og_locale":"fr_FR","og_type":"article","og_title":"Page introuvable","og_description":"Oups, cette page est introuvable. Retournez \u00e0 HRWize pour continuer \u00e0 g\u00e9rer vos RH, vos donn\u00e9es et vos workflows en toute simplicit\u00e9.","og_url":"https:\/\/hrwize.com\/page-introuvable\/?lang=fr","og_site_name":"HRWize","article_publisher":"http:\/\/facebook.com\/hrwize","article_modified_time":"2026-02-09T12:36:10+00:00","og_image":[{"width":596,"height":236,"url":"https:\/\/hrwize.com\/wp-content\/uploads\/2021\/09\/HRWize-Logo2021-1.png","type":"image\/png"}],"twitter_card":"summary_large_image","twitter_site":"@hrwize_","twitter_misc":{"Dur\u00e9e de lecture estim\u00e9e":"1 minute"},"schema":{"@context":"https:\/\/schema.org","@graph":[{"@type":"WebPage","@id":"https:\/\/hrwize.com\/page-introuvable\/?lang=fr","url":"https:\/\/hrwize.com\/page-introuvable\/?lang=fr","name":"page introuvable | HRWIze","isPartOf":{"@id":"https:\/\/hrwize.com\/#website"},"primaryImageOfPage":{"@id":"https:\/\/hrwize.com\/page-introuvable\/?lang=fr#primaryimage"},"image":{"@id":"https:\/\/hrwize.com\/page-introuvable\/?lang=fr#primaryimage"},"thumbnailUrl":"https:\/\/hrwize.com\/wp-content\/uploads\/2021\/09\/HRWize-Logo2021-1.png","datePublished":"2026-02-06T19:22:38+00:00","dateModified":"2026-02-09T12:36:10+00:00","description":"Oups, cette page est introuvable. Retournez \u00e0 HRWize pour continuer \u00e0 g\u00e9rer vos RH, vos donn\u00e9es et vos workflows en toute simplicit\u00e9.","breadcrumb":{"@id":"https:\/\/hrwize.com\/page-introuvable\/?lang=fr#breadcrumb"},"inLanguage":"fr-FR","potentialAction":[{"@type":"ReadAction","target":["https:\/\/hrwize.com\/page-introuvable\/?lang=fr"]}]},{"@type":"ImageObject","inLanguage":"fr-FR","@id":"https:\/\/hrwize.com\/page-introuvable\/?lang=fr#primaryimage","url":"https:\/\/hrwize.com\/wp-content\/uploads\/2021\/09\/HRWize-Logo2021-1.png","contentUrl":"https:\/\/hrwize.com\/wp-content\/uploads\/2021\/09\/HRWize-Logo2021-1.png","width":596,"height":236,"caption":"Full colour HRWize logo"},{"@type":"BreadcrumbList","@id":"https:\/\/hrwize.com\/page-introuvable\/?lang=fr#breadcrumb","itemListElement":[{"@type":"ListItem","position":1,"name":"Home","item":"https:\/\/hrwize.com\/fr\/"},{"@type":"ListItem","position":2,"name":"Page introuvable"}]},{"@type":"WebSite","@id":"https:\/\/hrwize.com\/#website","url":"https:\/\/hrwize.com\/","name":"HRWize","description":"HRIS solution for growing businesses","publisher":{"@id":"https:\/\/hrwize.com\/#organization"},"potentialAction":[{"@type":"SearchAction","target":{"@type":"EntryPoint","urlTemplate":"https:\/\/hrwize.com\/?s={search_term_string}"},"query-input":{"@type":"PropertyValueSpecification","valueRequired":true,"valueName":"search_term_string"}}],"inLanguage":"fr-FR"},{"@type":"Organization","@id":"https:\/\/hrwize.com\/#organization","name":"HRWize","url":"https:\/\/hrwize.com\/","logo":{"@type":"ImageObject","inLanguage":"fr-FR","@id":"https:\/\/hrwize.com\/#\/schema\/logo\/image\/","url":"https:\/\/hrwize.com\/wp-content\/uploads\/2017\/03\/200-HR.png","contentUrl":"https:\/\/hrwize.com\/wp-content\/uploads\/2017\/03\/200-HR.png","width":200,"height":96,"caption":"HRWize"},"image":{"@id":"https:\/\/hrwize.com\/#\/schema\/logo\/image\/"},"sameAs":["http:\/\/facebook.com\/hrwize","https:\/\/x.com\/hrwize_","http:\/\/instagram.com\/hrwize","https:\/\/www.linkedin.com\/company\/15201221?trk=prof-exp-company-name"]}]}},"_links":{"self":[{"href":"https:\/\/hrwize.com\/fr\/wp-json\/wp\/v2\/pages\/15353","targetHints":{"allow":["GET"]}}],"collection":[{"href":"https:\/\/hrwize.com\/fr\/wp-json\/wp\/v2\/pages"}],"about":[{"href":"https:\/\/hrwize.com\/fr\/wp-json\/wp\/v2\/types\/page"}],"author":[{"embeddable":true,"href":"https:\/\/hrwize.com\/fr\/wp-json\/wp\/v2\/users\/21"}],"replies":[{"embeddable":true,"href":"https:\/\/hrwize.com\/fr\/wp-json\/wp\/v2\/comments?post=15353"}],"version-history":[{"count":3,"href":"https:\/\/hrwize.com\/fr\/wp-json\/wp\/v2\/pages\/15353\/revisions"}],"predecessor-version":[{"id":15368,"href":"https:\/\/hrwize.com\/fr\/wp-json\/wp\/v2\/pages\/15353\/revisions\/15368"}],"wp:featuredmedia":[{"embeddable":true,"href":"https:\/\/hrwize.com\/fr\/wp-json\/wp\/v2\/media\/9102"}],"wp:attachment":[{"href":"https:\/\/hrwize.com\/fr\/wp-json\/wp\/v2\/media?parent=15353"}],"curies":[{"name":"wp","href":"https:\/\/api.w.org\/{rel}","templated":true}]}}