{"id":13983,"date":"2025-06-05T11:46:01","date_gmt":"2025-06-05T15:46:01","guid":{"rendered":"https:\/\/hrwize.com\/?page_id=13983"},"modified":"2025-06-05T11:49:35","modified_gmt":"2025-06-05T15:49:35","slug":"applauz-x-hrwize-fr","status":"publish","type":"page","link":"https:\/\/hrwize.com\/fr\/applauz-x-hrwize-fr\/","title":{"rendered":"Applauz x HRWize FR"},"content":{"rendered":"<section class=\"l-section wpb_row height_medium\"><div class=\"l-section-h i-cf\"><div class=\"g-cols vc_row via_flex valign_top type_default stacking_default\"><div class=\"vc_col-sm-12 wpb_column vc_column_container\"><div class=\"vc_column-inner\"><div class=\"wpb_wrapper\"><div class=\"w-image has_ratio align_center\"><div class=\"w-image-h\"><div style=\"padding-bottom:42.8571%\"><\/div><img decoding=\"async\" width=\"1024\" height=\"471\" src=\"https:\/\/hrwize.com\/wp-content\/uploads\/2025\/06\/HRWize-Applauz-WebHeader-1024x471.png\" class=\"attachment-large size-large\" alt=\"Applauz and HRWize banner\" loading=\"lazy\" \/><\/div><\/div><\/div><\/div><\/div><\/div><\/div><\/section><section class=\"l-section wpb_row height_medium color_alternate\"><div class=\"l-section-overlay\" style=\"background:var(--color-header-top-bg)\"><\/div><div class=\"l-section-h i-cf\"><div class=\"g-cols vc_row via_flex valign_top type_default stacking_default\"><div class=\"vc_col-sm-12 wpb_column vc_column_container\"><div class=\"vc_column-inner\"><div class=\"wpb_wrapper\"><div class=\"wpb_text_column\"><div class=\"wpb_wrapper\"><section class=\"bg-white py-12 text-center shadow\">\n<div class=\"container mx-auto px-4\"><\/div>\n<\/section>\n<div><\/div>\n<p><!-- Calendly Embedded Early On --><\/p>\n<section id=\"calendly\" class=\"py-16 bg-&#091;#30BFC5&#093; text-white text-center\">\n<div class=\"container mx-auto px-4\">\n<h1 class=\"text-3xl font-bold mb-6\" style=\"text-align: center;\"><strong>D\u00e9couvrez HRWize en action<\/strong><\/h1>\n<h5 class=\"text-3xl font-bold mb-6\" style=\"text-align: center;\">R\u00e9servez une d\u00e9mo avant le <strong>31 juillet 2025<\/strong> pour profiter d\u2019un <strong>rabais de<\/strong> <strong>25%<\/strong> sur votre abonnement initial.<br \/>\nD\u00e9couvrez comment notre solution SIRH tout-en-un simplifie vos fonctions RH \u2014 du suivi des cong\u00e9s et feuilles de temps \u00e0 la gestion de la performance et des dossiers employ\u00e9s.<\/h5>\n<h5 style=\"text-align: center;\">Avec HRWize, tout ce dont vous avez besoin est \u00e0 port\u00e9e de clic \u2014 intuitif, automatis\u00e9 et con\u00e7u pour une meilleure exp\u00e9rience employ\u00e9.<\/h5>\n<div class=\"max-w-2xl mx-auto\"><iframe loading=\"lazy\" class=\"w-full rounded-lg shadow-xl\" src=\"https:\/\/calendly.com\/hrwize\/demo-hrwize-francais-clone\" width=\"100%\" height=\"700\" frameborder=\"0\"><\/iframe><\/div>\n<\/div>\n<\/section>\n<p><!-- Image Section --><\/p>\n<section class=\"py-12 bg-&#091;#E5E4E4&#093;\">\n<div class=\"container mx-auto px-4 text-center\"><\/div>\n<\/section>\n<p><!-- Why Section --><\/p>\n<section class=\"py-16 bg-white\">\n<div class=\"container mx-auto px-4 text-center\"><\/div>\n<\/section>\n<section class=\"py-16 bg-white\">\n<div class=\"container mx-auto px-4 text-center\">\n<h2 class=\"text-3xl font-bold mb-6\"><strong>Des RH plus intelligentes. Simplifi\u00e9es.<\/strong><\/h2>\n<p class=\"mb-4\">Abandonnez les feuilles de calcul. HRWize propose une technologie RH abordable et bilingue, soutenue par des professionnels certifi\u00e9s qui comprennent votre r\u00e9alit\u00e9. Nous ne sommes pas qu\u2019un simple fournisseur de logiciel \u2014 nous sommes des experts RH qui ont \u00e9t\u00e9 \u00e0 votre place.<\/p>\n<p class=\"mb-4\">Notre SIRH infonuagique vous aide \u00e0 simplifier tout, de l\u2019int\u00e9gration des nouveaux employ\u00e9s \u00e0 la gestion documentaire,<br \/>\nen passant par les dossiers du personnel et le suivi de la performance. Avec un soutien local au Canada et des int\u00e9grations adapt\u00e9es \u00e0 votre flux de travail,<br \/>\nHRWize lib\u00e8re votre \u00e9quipe pour qu\u2019elle puisse se concentrer sur ce qui compte vraiment: vos gens.<\/p>\n<p class=\"mb-8\">Que vous travailliez dans la construction, la sant\u00e9 ou les services professionnels, nous vous aidons \u00e0 simplifier vos processus RH, \u00e0 rester conforme et \u00e0 offrir une meilleure exp\u00e9rience employ\u00e9.<\/p>\n<h2 class=\"text-3xl text-&#091;#3D8987&#093; font-bold mb-6\" style=\"text-align: left;\"><strong>Con\u00e7u pour les entreprises Canadiennes<\/strong><\/h2>\n<p class=\"max-w-2xl mx-auto text-&#091;#969798&#093;\" style=\"text-align: left;\">HRWize est fier d\u2019\u00eatre une entreprise canadienne. Soutien bilingue, confidentialit\u00e9 des donn\u00e9es et expertise locale \u2014 vous \u00eates entre bonnes mains.<\/p>\n<\/div>\n<\/section>\n<\/div><\/div><\/div><\/div><\/div><\/div><\/div><\/section>\n","protected":false},"excerpt":{"rendered":"D\u00e9couvrez HRWize en action R\u00e9servez une d\u00e9mo avant le 31 juillet 2025 pour profiter d\u2019un rabais de 25% sur votre abonnement initial. D\u00e9couvrez comment notre solution SIRH tout-en-un simplifie vos fonctions RH \u2014 du suivi des cong\u00e9s et feuilles de temps \u00e0 la gestion de la performance et des dossiers employ\u00e9s. Avec HRWize, tout ce...","protected":false},"author":20,"featured_media":0,"parent":0,"menu_order":0,"comment_status":"closed","ping_status":"closed","template":"","meta":{"footnotes":""},"class_list":["post-13983","page","type-page","status-publish","hentry"],"yoast_head":"<!-- This site is optimized with the Yoast SEO Premium plugin v27.2 (Yoast SEO v27.2) - https:\/\/yoast.com\/product\/yoast-seo-premium-wordpress\/ -->\n<title>Applauz x HRWize FR - HRWize<\/title>\n<meta name=\"description\" content=\"Cloud based human resource (HR) management tool is totally scalable, so that when you grow it grows with you. Employees can manage themselves from a to z.\" \/>\n<meta name=\"robots\" content=\"index, follow, max-snippet:-1, max-image-preview:large, max-video-preview:-1\" \/>\n<link rel=\"canonical\" href=\"https:\/\/hrwize.com\/applauz-x-hrwize-fr\/?lang=fr\" \/>\n<meta property=\"og:locale\" content=\"fr_FR\" \/>\n<meta property=\"og:type\" content=\"article\" \/>\n<meta property=\"og:title\" content=\"Applauz x HRWize FR\" \/>\n<meta property=\"og:description\" content=\"Cloud based human resource (HR) management tool is totally scalable, so that when you grow it grows with you. Employees can manage themselves from a to z.\" \/>\n<meta property=\"og:url\" content=\"https:\/\/hrwize.com\/applauz-x-hrwize-fr\/?lang=fr\" \/>\n<meta property=\"og:site_name\" content=\"HRWize\" \/>\n<meta property=\"article:publisher\" content=\"http:\/\/facebook.com\/hrwize\" \/>\n<meta property=\"article:modified_time\" content=\"2025-06-05T15:49:35+00:00\" \/>\n<meta name=\"twitter:card\" content=\"summary_large_image\" \/>\n<meta name=\"twitter:site\" content=\"@hrwize_\" \/>\n<meta name=\"twitter:label1\" content=\"Dur\u00e9e de lecture estim\u00e9e\" \/>\n\t<meta name=\"twitter:data1\" content=\"1 minute\" \/>\n<script type=\"application\/ld+json\" class=\"yoast-schema-graph\">{\"@context\":\"https:\/\/schema.org\",\"@graph\":[{\"@type\":\"WebPage\",\"@id\":\"https:\/\/hrwize.com\/applauz-x-hrwize-fr\/?lang=fr\",\"url\":\"https:\/\/hrwize.com\/applauz-x-hrwize-fr\/?lang=fr\",\"name\":\"Applauz x HRWize FR - HRWize\",\"isPartOf\":{\"@id\":\"https:\/\/hrwize.com\/#website\"},\"datePublished\":\"2025-06-05T15:46:01+00:00\",\"dateModified\":\"2025-06-05T15:49:35+00:00\",\"description\":\"Cloud based human resource (HR) management tool is totally scalable, so that when you grow it grows with you. Employees can manage themselves from a to z.\",\"breadcrumb\":{\"@id\":\"https:\/\/hrwize.com\/applauz-x-hrwize-fr\/?lang=fr#breadcrumb\"},\"inLanguage\":\"fr-FR\",\"potentialAction\":[{\"@type\":\"ReadAction\",\"target\":[\"https:\/\/hrwize.com\/applauz-x-hrwize-fr\/?lang=fr\"]}]},{\"@type\":\"BreadcrumbList\",\"@id\":\"https:\/\/hrwize.com\/applauz-x-hrwize-fr\/?lang=fr#breadcrumb\",\"itemListElement\":[{\"@type\":\"ListItem\",\"position\":1,\"name\":\"Home\",\"item\":\"https:\/\/hrwize.com\/fr\/\"},{\"@type\":\"ListItem\",\"position\":2,\"name\":\"Applauz x HRWize FR\"}]},{\"@type\":\"WebSite\",\"@id\":\"https:\/\/hrwize.com\/#website\",\"url\":\"https:\/\/hrwize.com\/\",\"name\":\"HRWize\",\"description\":\"HRIS solution for growing businesses\",\"publisher\":{\"@id\":\"https:\/\/hrwize.com\/#organization\"},\"potentialAction\":[{\"@type\":\"SearchAction\",\"target\":{\"@type\":\"EntryPoint\",\"urlTemplate\":\"https:\/\/hrwize.com\/?s={search_term_string}\"},\"query-input\":{\"@type\":\"PropertyValueSpecification\",\"valueRequired\":true,\"valueName\":\"search_term_string\"}}],\"inLanguage\":\"fr-FR\"},{\"@type\":\"Organization\",\"@id\":\"https:\/\/hrwize.com\/#organization\",\"name\":\"HRWize\",\"url\":\"https:\/\/hrwize.com\/\",\"logo\":{\"@type\":\"ImageObject\",\"inLanguage\":\"fr-FR\",\"@id\":\"https:\/\/hrwize.com\/#\/schema\/logo\/image\/\",\"url\":\"https:\/\/hrwize.com\/wp-content\/uploads\/2017\/03\/200-HR.png\",\"contentUrl\":\"https:\/\/hrwize.com\/wp-content\/uploads\/2017\/03\/200-HR.png\",\"width\":200,\"height\":96,\"caption\":\"HRWize\"},\"image\":{\"@id\":\"https:\/\/hrwize.com\/#\/schema\/logo\/image\/\"},\"sameAs\":[\"http:\/\/facebook.com\/hrwize\",\"https:\/\/x.com\/hrwize_\",\"http:\/\/instagram.com\/hrwize\",\"https:\/\/www.linkedin.com\/company\/15201221?trk=prof-exp-company-name\"]}]}<\/script>\n<!-- \/ Yoast SEO Premium plugin. -->","yoast_head_json":{"title":"Applauz x HRWize FR - HRWize","description":"Cloud based human resource (HR) management tool is totally scalable, so that when you grow it grows with you. Employees can manage themselves from a to z.","robots":{"index":"index","follow":"follow","max-snippet":"max-snippet:-1","max-image-preview":"max-image-preview:large","max-video-preview":"max-video-preview:-1"},"canonical":"https:\/\/hrwize.com\/applauz-x-hrwize-fr\/?lang=fr","og_locale":"fr_FR","og_type":"article","og_title":"Applauz x HRWize FR","og_description":"Cloud based human resource (HR) management tool is totally scalable, so that when you grow it grows with you. Employees can manage themselves from a to z.","og_url":"https:\/\/hrwize.com\/applauz-x-hrwize-fr\/?lang=fr","og_site_name":"HRWize","article_publisher":"http:\/\/facebook.com\/hrwize","article_modified_time":"2025-06-05T15:49:35+00:00","twitter_card":"summary_large_image","twitter_site":"@hrwize_","twitter_misc":{"Dur\u00e9e de lecture estim\u00e9e":"1 minute"},"schema":{"@context":"https:\/\/schema.org","@graph":[{"@type":"WebPage","@id":"https:\/\/hrwize.com\/applauz-x-hrwize-fr\/?lang=fr","url":"https:\/\/hrwize.com\/applauz-x-hrwize-fr\/?lang=fr","name":"Applauz x HRWize FR - HRWize","isPartOf":{"@id":"https:\/\/hrwize.com\/#website"},"datePublished":"2025-06-05T15:46:01+00:00","dateModified":"2025-06-05T15:49:35+00:00","description":"Cloud based human resource (HR) management tool is totally scalable, so that when you grow it grows with you. Employees can manage themselves from a to z.","breadcrumb":{"@id":"https:\/\/hrwize.com\/applauz-x-hrwize-fr\/?lang=fr#breadcrumb"},"inLanguage":"fr-FR","potentialAction":[{"@type":"ReadAction","target":["https:\/\/hrwize.com\/applauz-x-hrwize-fr\/?lang=fr"]}]},{"@type":"BreadcrumbList","@id":"https:\/\/hrwize.com\/applauz-x-hrwize-fr\/?lang=fr#breadcrumb","itemListElement":[{"@type":"ListItem","position":1,"name":"Home","item":"https:\/\/hrwize.com\/fr\/"},{"@type":"ListItem","position":2,"name":"Applauz x HRWize FR"}]},{"@type":"WebSite","@id":"https:\/\/hrwize.com\/#website","url":"https:\/\/hrwize.com\/","name":"HRWize","description":"HRIS solution for growing businesses","publisher":{"@id":"https:\/\/hrwize.com\/#organization"},"potentialAction":[{"@type":"SearchAction","target":{"@type":"EntryPoint","urlTemplate":"https:\/\/hrwize.com\/?s={search_term_string}"},"query-input":{"@type":"PropertyValueSpecification","valueRequired":true,"valueName":"search_term_string"}}],"inLanguage":"fr-FR"},{"@type":"Organization","@id":"https:\/\/hrwize.com\/#organization","name":"HRWize","url":"https:\/\/hrwize.com\/","logo":{"@type":"ImageObject","inLanguage":"fr-FR","@id":"https:\/\/hrwize.com\/#\/schema\/logo\/image\/","url":"https:\/\/hrwize.com\/wp-content\/uploads\/2017\/03\/200-HR.png","contentUrl":"https:\/\/hrwize.com\/wp-content\/uploads\/2017\/03\/200-HR.png","width":200,"height":96,"caption":"HRWize"},"image":{"@id":"https:\/\/hrwize.com\/#\/schema\/logo\/image\/"},"sameAs":["http:\/\/facebook.com\/hrwize","https:\/\/x.com\/hrwize_","http:\/\/instagram.com\/hrwize","https:\/\/www.linkedin.com\/company\/15201221?trk=prof-exp-company-name"]}]}},"_links":{"self":[{"href":"https:\/\/hrwize.com\/fr\/wp-json\/wp\/v2\/pages\/13983","targetHints":{"allow":["GET"]}}],"collection":[{"href":"https:\/\/hrwize.com\/fr\/wp-json\/wp\/v2\/pages"}],"about":[{"href":"https:\/\/hrwize.com\/fr\/wp-json\/wp\/v2\/types\/page"}],"author":[{"embeddable":true,"href":"https:\/\/hrwize.com\/fr\/wp-json\/wp\/v2\/users\/20"}],"replies":[{"embeddable":true,"href":"https:\/\/hrwize.com\/fr\/wp-json\/wp\/v2\/comments?post=13983"}],"version-history":[{"count":4,"href":"https:\/\/hrwize.com\/fr\/wp-json\/wp\/v2\/pages\/13983\/revisions"}],"predecessor-version":[{"id":13988,"href":"https:\/\/hrwize.com\/fr\/wp-json\/wp\/v2\/pages\/13983\/revisions\/13988"}],"wp:attachment":[{"href":"https:\/\/hrwize.com\/fr\/wp-json\/wp\/v2\/media?parent=13983"}],"curies":[{"name":"wp","href":"https:\/\/api.w.org\/{rel}","templated":true}]}}