{"id":13251,"date":"2023-05-02T13:45:51","date_gmt":"2023-05-02T17:45:51","guid":{"rendered":"https:\/\/hrwize.com\/?page_id=13251"},"modified":"2025-01-31T16:33:42","modified_gmt":"2025-01-31T21:33:42","slug":"politique-de-confidentialite","status":"publish","type":"page","link":"https:\/\/hrwize.com\/fr\/politique-de-confidentialite\/","title":{"rendered":"Politique de confidentialit\u00e9"},"content":{"rendered":"<h2 style=\"font-weight: 400;\">Politique de confidentialit\u00e9 de HRWize<\/h2>\n<p style=\"font-weight: 400;\"><strong>Introduction<\/strong><\/p>\n<p><span data-contrast=\"none\">HRWize s&rsquo;engage \u00e0 prot\u00e9ger votre vie priv\u00e9e et \u00e0 assurer la s\u00e9curit\u00e9 de vos informations personnelles. Cette politique de confidentialit\u00e9 d\u00e9crit la mani\u00e8re dont nous recueillons, utilisons, divulguons et prot\u00e9geons vos donn\u00e9es personnelles conform\u00e9ment au R\u00e8glement g\u00e9n\u00e9ral sur la protection des donn\u00e9es (RGPD), \u00e0 la Loi sur la protection des renseignements personnels et les documents \u00e9lectroniques (LPRPDE) et au projet de loi 25 du Qu\u00e9bec.\u00a0<\/span><span data-ccp-props=\"{&quot;335559738&quot;:240,&quot;335559739&quot;:240}\">\u00a0<\/span><\/p>\n<p><span data-contrast=\"none\">EN UTILISANT NOS SERVICES OU EN VISITANT NOTRE SITE OU EN SOUMETTANT DES INFORMATIONS PAR LE BIAIS DES SERVICES OU VIA NOTRE SITE, VOUS CONSENTEZ EXPRESS\u00c9MENT \u00c0 LA COLLECTE, AU TRAITEMENT ET \u00c0 L&rsquo;UTILISATION DE VOS INFORMATIONS CONFORM\u00c9MENT \u00c0 LA PR\u00c9SENTE POLITIQUE DE CONFIDENTIALIT\u00c9.<\/span><\/p>\n<p style=\"font-weight: 400;\"><strong><span class=\"NormalTextRun SCXW5532916 BCX8\"> <\/span><span class=\"NormalTextRun SpellingErrorV2Themed SCXW5532916 BCX8\">M\u00e9thodes<\/span><span class=\"NormalTextRun SCXW5532916 BCX8\"> de <\/span><span class=\"NormalTextRun SpellingErrorV2Themed SCXW5532916 BCX8\">collecte<\/span><span class=\"NormalTextRun SCXW5532916 BCX8\"> des donn\u00e9es<\/span><\/strong><\/p>\n<p><span data-contrast=\"none\">Nous recueillons des informations personnelles par le biais des m\u00e9thodes suivantes :\u00a0<\/span><span data-ccp-props=\"{&quot;335559738&quot;:240,&quot;335559739&quot;:240}\">\u00a0<\/span><\/p>\n<p><span data-contrast=\"none\">&#8211; Suivi des visites : Nous utilisons des cookies et des technologies de suivi similaires pour surveiller les interactions des utilisateurs avec notre site web, y compris les visites de pages, la dur\u00e9e des visites et les sch\u00e9mas de navigation. Ces donn\u00e9es nous aident \u00e0 comprendre le comportement des utilisateurs et \u00e0 am\u00e9liorer les performances de notre site web et l&rsquo;exp\u00e9rience des utilisateurs.\u00a0<\/span><span data-ccp-props=\"{&quot;335559738&quot;:240,&quot;335559739&quot;:240}\">\u00a0<\/span><\/p>\n<p><span data-contrast=\"none\">&#8211; Devis pour les plans d&rsquo;abonnement HRWize : Lorsque vous demandez un devis pour nos plans d&rsquo;abonnement HRWize, nous recueillons vos coordonn\u00e9es, y compris votre nom, votre adresse \u00e9lectronique et tout autre d\u00e9tail pertinent. Ces informations sont utilis\u00e9es pour vous fournir des informations tarifaires pr\u00e9cises et pour donner suite \u00e0 votre demande.<\/span><span data-ccp-props=\"{&quot;335559738&quot;:240,&quot;335559739&quot;:240}\">\u00a0<\/span><\/p>\n<p><span data-contrast=\"none\">&#8211; Appels de d\u00e9monstration pour HRWize ou EarnWize : Si vous r\u00e9servez un appel de d\u00e9monstration pour HRWize ou EarnWize, nous collectons vos coordonn\u00e9es et les d\u00e9tails de votre demande. Ces informations sont utilis\u00e9es pour planifier la d\u00e9monstration et l&rsquo;adapter \u00e0 vos besoins sp\u00e9cifiques.\u00a0<\/span><span data-ccp-props=\"{&quot;335559738&quot;:240,&quot;335559739&quot;:240}\">\u00a0<\/span><\/p>\n<p><span data-contrast=\"none\">&#8211; Demandes d&rsquo;outils ou de services non r\u00e9pertori\u00e9s : Lorsque vous demandez un outil ou un service qui ne figure pas sur notre page d&rsquo;int\u00e9gration, nous recueillons vos coordonn\u00e9es et les d\u00e9tails de votre demande. Ces donn\u00e9es sont utilis\u00e9es pour r\u00e9pondre \u00e0 votre demande et vous fournir les informations n\u00e9cessaires.\u00a0<\/span><span data-ccp-props=\"{&quot;335559738&quot;:240,&quot;335559739&quot;:240}\">\u00a0<\/span><\/p>\n<p><span data-contrast=\"none\">&#8211; Abonnement aux courriels HRWize : Lorsque vous vous abonnez aux courriels HRWize, nous collectons votre adresse e-mail et d&rsquo;autres informations de contact pertinentes. Ces informations sont utilis\u00e9es pour vous envoyer des mises \u00e0 jour, des nouvelles et des contenus promotionnels li\u00e9s \u00e0 nos offres.\u00a0<\/span><span data-ccp-props=\"{&quot;335559738&quot;:240,&quot;335559739&quot;:240}\">\u00a0<\/span><\/p>\n<p><span data-contrast=\"none\">&#8211; Demandes d&#8217;emploi : Lorsque vous postulez \u00e0 des offres d&#8217;emploi sur notre site web, nous recueillons des informations personnelles telles que votre nom, vos coordonn\u00e9es, votre curriculum vitae et d&rsquo;autres informations pertinentes. Ces donn\u00e9es sont utilis\u00e9es pour \u00e9valuer votre candidature et g\u00e9rer le processus de recrutement.\u00a0<\/span><span data-ccp-props=\"{&quot;335559738&quot;:240,&quot;335559739&quot;:240}\">\u00a0<\/span><\/p>\n<p><span data-contrast=\"none\">&#8211; Demandes de renseignements g\u00e9n\u00e9raux : Si vous demandez des informations ou de l&rsquo;aide, nous recueillons vos coordonn\u00e9es et les d\u00e9tails de votre demande. Ces informations nous aident \u00e0 fournir les renseignements n\u00e9cessaires et \u00e0 r\u00e9pondre efficacement \u00e0 vos demandes.<\/span><\/p>\n<p>&#8211; Notre application utilise Firebase Cloud Messaging (FCM) pour envoyer des notifications push. FCM collecte des jetons d\u2019appareil afin de livrer les notifications de mani\u00e8re s\u00e9curis\u00e9e et ne partage pas ces donn\u00e9es avec des tiers.<\/p>\n<p style=\"font-weight: 400;\"><b style=\"letter-spacing: 0em;\"><span data-contrast=\"none\">Finalit\u00e9 du traitement des donn\u00e9es\u00a0<\/span><\/b><span data-ccp-props=\"{&quot;335559738&quot;:240,&quot;335559739&quot;:240}\" style=\"letter-spacing: 0em;\">\u00a0<\/span><\/p>\n<p><span data-contrast=\"none\">Les informations personnelles que nous recueillons sont utilis\u00e9es aux fins suivantes:\u00a0<\/span><span data-ccp-props=\"{&quot;335559738&quot;:240,&quot;335559739&quot;:240}\">\u00a0<\/span><\/p>\n<p><span data-contrast=\"none\">&#8211; Exploiter, maintenir et am\u00e9liorer notre site web et nos services.\u00a0<\/span><span data-ccp-props=\"{&quot;335559738&quot;:240,&quot;335559739&quot;:240}\">\u00a0<\/span><\/p>\n<p><b><span data-contrast=\"none\">&#8211;<\/span><\/b><span data-contrast=\"none\"> Pour communiquer avec vous, notamment par l&rsquo;envoi de bulletins d&rsquo;information, de mises \u00e0 jour et de mat\u00e9riel promotionnel.\u00a0<\/span><span data-ccp-props=\"{&quot;335559738&quot;:240,&quot;335559739&quot;:240}\">\u00a0<\/span><\/p>\n<p><span data-contrast=\"none\">&#8211; Traiter et r\u00e9pondre \u00e0 vos demandes d&rsquo;information ou d&rsquo;assistance.\u00a0<\/span><span data-ccp-props=\"{&quot;335559738&quot;:240,&quot;335559739&quot;:240}\">\u00a0<\/span><\/p>\n<p><span data-contrast=\"none\">&#8211; Faciliter le t\u00e9l\u00e9chargement de livres \u00e9lectroniques, d&rsquo;exemples de r\u00e9ussite et de brochures.\u00a0<\/span><span data-ccp-props=\"{&quot;335559738&quot;:240,&quot;335559739&quot;:240}\">\u00a0<\/span><\/p>\n<p><span data-contrast=\"none\">&#8211; Pour g\u00e9rer et \u00e9valuer les demandes d&#8217;emploi et les processus de recrutement.\u00a0<\/span><span data-ccp-props=\"{&quot;335559738&quot;:240,&quot;335559739&quot;:240}\">\u00a0<\/span><\/p>\n<p><span data-contrast=\"none\">&#8211; Respecter les obligations l\u00e9gales et prot\u00e9ger nos droits l\u00e9gaux.\u00a0<\/span><span data-ccp-props=\"{&quot;335559738&quot;:240,&quot;335559739&quot;:240}\">\u00a0<\/span><\/p>\n<p><b><span data-contrast=\"none\"> Partage et communication des donn\u00e9es<\/span><\/b><span data-ccp-props=\"{&quot;335559738&quot;:240,&quot;335559739&quot;:240}\">\u00a0<\/span><\/p>\n<p><span data-contrast=\"none\">Nous ne vendons pas vos informations personnelles. Nous pouvons partager vos donn\u00e9es avec des tiers uniquement dans les circonstances suivantes :\u00a0<\/span><span data-ccp-props=\"{&quot;335559738&quot;:240,&quot;335559739&quot;:240}\">\u00a0<\/span><\/p>\n<p><span data-contrast=\"none\">&#8211; Avec des prestataires de services qui nous aident \u00e0 exploiter notre site web et \u00e0 fournir des services, dans le cadre d&rsquo;accords de confidentialit\u00e9.\u00a0<\/span><span data-ccp-props=\"{&quot;335559738&quot;:240,&quot;335559739&quot;:240}\">\u00a0<\/span><\/p>\n<p><span data-contrast=\"none\">&#8211; Lorsque la loi, la r\u00e9glementation ou une proc\u00e9dure judiciaire l&rsquo;exige.\u00a0<\/span><span data-ccp-props=\"{&quot;335559738&quot;:240,&quot;335559739&quot;:240}\">\u00a0<\/span><\/p>\n<p><span data-contrast=\"none\">&#8211; Pour prot\u00e9ger les droits, la propri\u00e9t\u00e9 ou la s\u00e9curit\u00e9 de HRWize, de nos utilisateurs ou du public.\u00a0<\/span><span data-ccp-props=\"{&quot;335559738&quot;:240,&quot;335559739&quot;:240}\">\u00a0<\/span><\/p>\n<p><span data-contrast=\"none\">Si HRWize fait l&rsquo;objet d&rsquo;une transition commerciale telle qu&rsquo;une fusion, une acquisition par une autre soci\u00e9t\u00e9 ou la vente de tout ou partie de ses actifs, vos informations personnelles feront probablement partie des actifs transf\u00e9r\u00e9s. Vous reconnaissez que de tels transferts peuvent avoir lieu et que tout acqu\u00e9reur de HRWize, ou d&rsquo;une partie ou de la totalit\u00e9 de ses actifs, peut continuer \u00e0 utiliser vos informations personnelles comme indiqu\u00e9 dans la pr\u00e9sente Politique de confidentialit\u00e9<\/span><\/p>\n<p><b><span data-contrast=\"none\">S\u00e9curit\u00e9 des donn\u00e9es<\/span><\/b><span data-ccp-props=\"{&quot;335559738&quot;:240,&quot;335559739&quot;:240}\">\u00a0<\/span><\/p>\n<p><span data-contrast=\"none\">Nous mettons en \u0153uvre des mesures techniques et organisationnelles appropri\u00e9es pour prot\u00e9ger les donn\u00e9es \u00e0 caract\u00e8re personnel contre l&rsquo;acc\u00e8s, l&rsquo;alt\u00e9ration, la divulgation ou la destruction non autoris\u00e9s.<\/span><span data-ccp-props=\"{&quot;335559738&quot;:240,&quot;335559739&quot;:240}\">\u00a0<\/span><\/p>\n<p><b><span data-contrast=\"none\">Vos droits<\/span><\/b><span data-ccp-props=\"{&quot;335559738&quot;:240,&quot;335559739&quot;:240}\">\u00a0<\/span><\/p>\n<p><span data-contrast=\"none\">En vertu du GDPR, de la PIPEDA et du projet de loi 25 du Qu\u00e9bec, vous avez les droits suivants:\u00a0<\/span><span data-ccp-props=\"{&quot;335559738&quot;:240,&quot;335559739&quot;:240}\">\u00a0<\/span><\/p>\n<p><span data-contrast=\"none\">&#8211; Acc\u00e8s : Demander l&rsquo;acc\u00e8s aux donn\u00e9es personnelles que nous d\u00e9tenons \u00e0 votre sujet.<\/span><span data-ccp-props=\"{&quot;335559738&quot;:240,&quot;335559739&quot;:240}\">\u00a0<\/span><\/p>\n<p><span data-contrast=\"none\">&#8211; Rectification : Demander la correction de donn\u00e9es inexactes ou incompl\u00e8tes.\u00a0<\/span><span data-ccp-props=\"{&quot;335559738&quot;:240,&quot;335559739&quot;:240}\">\u00a0<\/span><\/p>\n<p><span data-contrast=\"none\">&#8211; Effacement : Demander la suppression de vos donn\u00e9es sous certaines conditions.\u00a0<\/span><span data-ccp-props=\"{&quot;335559738&quot;:240,&quot;335559739&quot;:240}\">\u00a0<\/span><\/p>\n<p><span data-contrast=\"none\">&#8211; Portabilit\u00e9 des donn\u00e9es : Demander une copie de vos donn\u00e9es dans un format structur\u00e9, couramment utilis\u00e9 et lisible par machine.\u00a0<\/span><span data-ccp-props=\"{&quot;335559738&quot;:240,&quot;335559739&quot;:240}\">\u00a0<\/span><\/p>\n<p><span data-contrast=\"none\">\u00a0&#8211; Objection et restriction : Vous pouvez vous opposer au traitement des donn\u00e9es ou en demander la limitation dans des circonstances sp\u00e9cifiques.\u00a0<\/span><span data-ccp-props=\"{&quot;335559738&quot;:240,&quot;335559739&quot;:240}\">\u00a0<\/span><\/p>\n<ul>\n<li data-leveltext=\"-\" data-font=\"Aptos\" data-listid=\"1\" data-list-defn-props=\"{&quot;335552541&quot;:1,&quot;335559685&quot;:720,&quot;335559991&quot;:360,&quot;469769226&quot;:&quot;Aptos&quot;,&quot;469769242&quot;:[8226],&quot;469777803&quot;:&quot;left&quot;,&quot;469777804&quot;:&quot;-&quot;,&quot;469777815&quot;:&quot;hybridMultilevel&quot;}\" aria-setsize=\"-1\" data-aria-posinset=\"1\" data-aria-level=\"1\"><span data-contrast=\"none\">Retrait du consentement : Retirer son consentement lorsque le traitement des donn\u00e9es est fond\u00e9 sur le consentement.\u00a0<\/span><span data-ccp-props=\"{&quot;335559738&quot;:240,&quot;335559739&quot;:240}\">\u00a0<\/span><\/li>\n<\/ul>\n<p><span data-contrast=\"none\">Pour exercer ces droits, veuillez nous contacter \u00e0 l&rsquo;adresse suivante : <a class=\"Hyperlink SCXW12239615 BCX8\" href=\"mailto:confidentialite@hrwize.com\" target=\"_blank\" rel=\"noreferrer noopener\"><span data-contrast=\"none\" xml:lang=\"EN-US\" lang=\"EN-US\" class=\"TextRun Underlined SCXW12239615 BCX8\"><span class=\"NormalTextRun SCXW12239615 BCX8\" data-ccp-charstyle=\"Hyperlink\">confidentialite@hrwize.com<\/span><\/span><\/a><\/span><\/p>\n<p><strong> Confidentialit\u00e9 pour les enfants\u00a0<\/strong><span data-ccp-props=\"{&quot;335559738&quot;:240,&quot;335559739&quot;:240}\">\u00a0<\/span><\/p>\n<p><span data-contrast=\"none\">Nos services ne sont pas destin\u00e9s aux personnes de moins de 16 ans. Nous ne collectons pas sciemment de donn\u00e9es \u00e0 caract\u00e8re personnel aupr\u00e8s d&rsquo;enfants sans le consentement de leurs parents. Si vous pensez que nous avons collect\u00e9 des donn\u00e9es personnelles aupr\u00e8s d&rsquo;un enfant sans le consentement de ses parents, veuillez nous contacter et nous prendrons les mesures n\u00e9cessaires pour supprimer ces donn\u00e9es.\u00a0<\/span><span data-ccp-props=\"{&quot;335559738&quot;:240,&quot;335559739&quot;:240}\">\u00a0<\/span><\/p>\n<p><strong>Modifications \u00e0 cette politique de confidentialit\u00e9<\/strong><span data-ccp-props=\"{&quot;335559738&quot;:240,&quot;335559739&quot;:240}\"><\/span><\/p>\n<p><span data-contrast=\"auto\">Nous pouvons mettre \u00e0 jour cette politique de confidentialit\u00e9 de temps \u00e0 autre. Nous vous informerons de tout changement important en publiant la politique mise \u00e0 jour sur notre site Web et en modifiant la date d\u2019entr\u00e9e en vigueur.<\/span><span data-ccp-props=\"{&quot;335559738&quot;:240,&quot;335559739&quot;:240}\">\u00a0<\/span><\/p>\n<p><strong>Contact\u00a0\u00a0<\/strong><span data-ccp-props=\"{&quot;335559738&quot;:240,&quot;335559739&quot;:240}\"><\/span><\/p>\n<p><span data-contrast=\"none\">Pour toute question ou pr\u00e9occupation concernant la pr\u00e9sente politique de confidentialit\u00e9 ou nos pratiques en mati\u00e8re de donn\u00e9es, veuillez nous contacter \u00e0 l&rsquo;adresse suivante:<\/span><span data-ccp-props=\"{&quot;335559738&quot;:240,&quot;335559739&quot;:240}\">\u00a0<\/span><\/p>\n<p>&nbsp;<\/p>\n<p><span data-contrast=\"none\">HRWize <\/span><a href=\"mailto:confidentialite@hrwize.com\"><span data-contrast=\"none\">confidentialite@hrwize.com<\/span><\/a><span data-ccp-props=\"{&quot;335559739&quot;:0}\">\u00a0<\/span><\/p>\n<p><span data-ccp-props=\"{&quot;335559739&quot;:0}\">\u00a0<\/span><\/p>\n","protected":false},"excerpt":{"rendered":"<p>Politique de confidentialit\u00e9 de HRWize Introduction HRWize s&rsquo;engage \u00e0 prot\u00e9ger votre vie priv\u00e9e et \u00e0 assurer la s\u00e9curit\u00e9 de vos informations personnelles. Cette politique de confidentialit\u00e9 d\u00e9crit la mani\u00e8re dont nous recueillons, utilisons, divulguons et prot\u00e9geons vos donn\u00e9es personnelles conform\u00e9ment au R\u00e8glement g\u00e9n\u00e9ral sur la protection des donn\u00e9es (RGPD), \u00e0 la Loi sur la protection&#8230;<\/p>\n","protected":false},"author":21,"featured_media":0,"parent":0,"menu_order":0,"comment_status":"closed","ping_status":"closed","template":"","meta":{"footnotes":""},"class_list":["post-13251","page","type-page","status-publish","hentry"],"yoast_head":"<!-- This site is optimized with the Yoast SEO Premium plugin v27.2 (Yoast SEO v27.2) - https:\/\/yoast.com\/product\/yoast-seo-premium-wordpress\/ -->\n<title>Politique de confidentialit\u00e9 - HRWize<\/title>\n<meta name=\"description\" content=\"Cloud based human resource (HR) management tool is totally scalable, so that when you grow it grows with you. Employees can manage themselves from a to z.\" \/>\n<meta name=\"robots\" content=\"index, follow, max-snippet:-1, max-image-preview:large, max-video-preview:-1\" \/>\n<link rel=\"canonical\" href=\"https:\/\/hrwize.com\/politique-de-confidentialite\/?lang=fr\" \/>\n<meta property=\"og:locale\" content=\"fr_FR\" \/>\n<meta property=\"og:type\" content=\"article\" \/>\n<meta property=\"og:title\" content=\"Politique de confidentialit\u00e9\" \/>\n<meta property=\"og:description\" content=\"Cloud based human resource (HR) management tool is totally scalable, so that when you grow it grows with you. Employees can manage themselves from a to z.\" \/>\n<meta property=\"og:url\" content=\"https:\/\/hrwize.com\/politique-de-confidentialite\/?lang=fr\" \/>\n<meta property=\"og:site_name\" content=\"HRWize\" \/>\n<meta property=\"article:publisher\" content=\"http:\/\/facebook.com\/hrwize\" \/>\n<meta property=\"article:modified_time\" content=\"2025-01-31T21:33:42+00:00\" \/>\n<meta name=\"twitter:card\" content=\"summary_large_image\" \/>\n<meta name=\"twitter:site\" content=\"@hrwize_\" \/>\n<meta name=\"twitter:label1\" content=\"Dur\u00e9e de lecture estim\u00e9e\" \/>\n\t<meta name=\"twitter:data1\" content=\"6 minutes\" \/>\n<script type=\"application\/ld+json\" class=\"yoast-schema-graph\">{\"@context\":\"https:\/\/schema.org\",\"@graph\":[{\"@type\":\"WebPage\",\"@id\":\"https:\/\/hrwize.com\/politique-de-confidentialite\/?lang=fr\",\"url\":\"https:\/\/hrwize.com\/politique-de-confidentialite\/?lang=fr\",\"name\":\"Politique de confidentialit\u00e9 - HRWize\",\"isPartOf\":{\"@id\":\"https:\/\/hrwize.com\/#website\"},\"datePublished\":\"2023-05-02T17:45:51+00:00\",\"dateModified\":\"2025-01-31T21:33:42+00:00\",\"description\":\"Cloud based human resource (HR) management tool is totally scalable, so that when you grow it grows with you. Employees can manage themselves from a to z.\",\"breadcrumb\":{\"@id\":\"https:\/\/hrwize.com\/politique-de-confidentialite\/?lang=fr#breadcrumb\"},\"inLanguage\":\"fr-FR\",\"potentialAction\":[{\"@type\":\"ReadAction\",\"target\":[\"https:\/\/hrwize.com\/politique-de-confidentialite\/?lang=fr\"]}]},{\"@type\":\"BreadcrumbList\",\"@id\":\"https:\/\/hrwize.com\/politique-de-confidentialite\/?lang=fr#breadcrumb\",\"itemListElement\":[{\"@type\":\"ListItem\",\"position\":1,\"name\":\"Home\",\"item\":\"https:\/\/hrwize.com\/fr\/\"},{\"@type\":\"ListItem\",\"position\":2,\"name\":\"Politique de confidentialit\u00e9\"}]},{\"@type\":\"WebSite\",\"@id\":\"https:\/\/hrwize.com\/#website\",\"url\":\"https:\/\/hrwize.com\/\",\"name\":\"HRWize\",\"description\":\"HRIS solution for growing businesses\",\"publisher\":{\"@id\":\"https:\/\/hrwize.com\/#organization\"},\"potentialAction\":[{\"@type\":\"SearchAction\",\"target\":{\"@type\":\"EntryPoint\",\"urlTemplate\":\"https:\/\/hrwize.com\/?s={search_term_string}\"},\"query-input\":{\"@type\":\"PropertyValueSpecification\",\"valueRequired\":true,\"valueName\":\"search_term_string\"}}],\"inLanguage\":\"fr-FR\"},{\"@type\":\"Organization\",\"@id\":\"https:\/\/hrwize.com\/#organization\",\"name\":\"HRWize\",\"url\":\"https:\/\/hrwize.com\/\",\"logo\":{\"@type\":\"ImageObject\",\"inLanguage\":\"fr-FR\",\"@id\":\"https:\/\/hrwize.com\/#\/schema\/logo\/image\/\",\"url\":\"https:\/\/hrwize.com\/wp-content\/uploads\/2017\/03\/200-HR.png\",\"contentUrl\":\"https:\/\/hrwize.com\/wp-content\/uploads\/2017\/03\/200-HR.png\",\"width\":200,\"height\":96,\"caption\":\"HRWize\"},\"image\":{\"@id\":\"https:\/\/hrwize.com\/#\/schema\/logo\/image\/\"},\"sameAs\":[\"http:\/\/facebook.com\/hrwize\",\"https:\/\/x.com\/hrwize_\",\"http:\/\/instagram.com\/hrwize\",\"https:\/\/www.linkedin.com\/company\/15201221?trk=prof-exp-company-name\"]}]}<\/script>\n<!-- \/ Yoast SEO Premium plugin. -->","yoast_head_json":{"title":"Politique de confidentialit\u00e9 - HRWize","description":"Cloud based human resource (HR) management tool is totally scalable, so that when you grow it grows with you. Employees can manage themselves from a to z.","robots":{"index":"index","follow":"follow","max-snippet":"max-snippet:-1","max-image-preview":"max-image-preview:large","max-video-preview":"max-video-preview:-1"},"canonical":"https:\/\/hrwize.com\/politique-de-confidentialite\/?lang=fr","og_locale":"fr_FR","og_type":"article","og_title":"Politique de confidentialit\u00e9","og_description":"Cloud based human resource (HR) management tool is totally scalable, so that when you grow it grows with you. Employees can manage themselves from a to z.","og_url":"https:\/\/hrwize.com\/politique-de-confidentialite\/?lang=fr","og_site_name":"HRWize","article_publisher":"http:\/\/facebook.com\/hrwize","article_modified_time":"2025-01-31T21:33:42+00:00","twitter_card":"summary_large_image","twitter_site":"@hrwize_","twitter_misc":{"Dur\u00e9e de lecture estim\u00e9e":"6 minutes"},"schema":{"@context":"https:\/\/schema.org","@graph":[{"@type":"WebPage","@id":"https:\/\/hrwize.com\/politique-de-confidentialite\/?lang=fr","url":"https:\/\/hrwize.com\/politique-de-confidentialite\/?lang=fr","name":"Politique de confidentialit\u00e9 - HRWize","isPartOf":{"@id":"https:\/\/hrwize.com\/#website"},"datePublished":"2023-05-02T17:45:51+00:00","dateModified":"2025-01-31T21:33:42+00:00","description":"Cloud based human resource (HR) management tool is totally scalable, so that when you grow it grows with you. Employees can manage themselves from a to z.","breadcrumb":{"@id":"https:\/\/hrwize.com\/politique-de-confidentialite\/?lang=fr#breadcrumb"},"inLanguage":"fr-FR","potentialAction":[{"@type":"ReadAction","target":["https:\/\/hrwize.com\/politique-de-confidentialite\/?lang=fr"]}]},{"@type":"BreadcrumbList","@id":"https:\/\/hrwize.com\/politique-de-confidentialite\/?lang=fr#breadcrumb","itemListElement":[{"@type":"ListItem","position":1,"name":"Home","item":"https:\/\/hrwize.com\/fr\/"},{"@type":"ListItem","position":2,"name":"Politique de confidentialit\u00e9"}]},{"@type":"WebSite","@id":"https:\/\/hrwize.com\/#website","url":"https:\/\/hrwize.com\/","name":"HRWize","description":"HRIS solution for growing businesses","publisher":{"@id":"https:\/\/hrwize.com\/#organization"},"potentialAction":[{"@type":"SearchAction","target":{"@type":"EntryPoint","urlTemplate":"https:\/\/hrwize.com\/?s={search_term_string}"},"query-input":{"@type":"PropertyValueSpecification","valueRequired":true,"valueName":"search_term_string"}}],"inLanguage":"fr-FR"},{"@type":"Organization","@id":"https:\/\/hrwize.com\/#organization","name":"HRWize","url":"https:\/\/hrwize.com\/","logo":{"@type":"ImageObject","inLanguage":"fr-FR","@id":"https:\/\/hrwize.com\/#\/schema\/logo\/image\/","url":"https:\/\/hrwize.com\/wp-content\/uploads\/2017\/03\/200-HR.png","contentUrl":"https:\/\/hrwize.com\/wp-content\/uploads\/2017\/03\/200-HR.png","width":200,"height":96,"caption":"HRWize"},"image":{"@id":"https:\/\/hrwize.com\/#\/schema\/logo\/image\/"},"sameAs":["http:\/\/facebook.com\/hrwize","https:\/\/x.com\/hrwize_","http:\/\/instagram.com\/hrwize","https:\/\/www.linkedin.com\/company\/15201221?trk=prof-exp-company-name"]}]}},"_links":{"self":[{"href":"https:\/\/hrwize.com\/fr\/wp-json\/wp\/v2\/pages\/13251","targetHints":{"allow":["GET"]}}],"collection":[{"href":"https:\/\/hrwize.com\/fr\/wp-json\/wp\/v2\/pages"}],"about":[{"href":"https:\/\/hrwize.com\/fr\/wp-json\/wp\/v2\/types\/page"}],"author":[{"embeddable":true,"href":"https:\/\/hrwize.com\/fr\/wp-json\/wp\/v2\/users\/21"}],"replies":[{"embeddable":true,"href":"https:\/\/hrwize.com\/fr\/wp-json\/wp\/v2\/comments?post=13251"}],"version-history":[{"count":5,"href":"https:\/\/hrwize.com\/fr\/wp-json\/wp\/v2\/pages\/13251\/revisions"}],"predecessor-version":[{"id":13839,"href":"https:\/\/hrwize.com\/fr\/wp-json\/wp\/v2\/pages\/13251\/revisions\/13839"}],"wp:attachment":[{"href":"https:\/\/hrwize.com\/fr\/wp-json\/wp\/v2\/media?parent=13251"}],"curies":[{"name":"wp","href":"https:\/\/api.w.org\/{rel}","templated":true}]}}