{"id":12829,"date":"2023-01-09T10:21:25","date_gmt":"2023-01-09T15:21:25","guid":{"rendered":"https:\/\/hrwize.com\/?page_id=12829"},"modified":"2023-01-09T10:21:25","modified_gmt":"2023-01-09T15:21:25","slug":"soumission","status":"publish","type":"page","link":"https:\/\/hrwize.com\/fr\/soumission\/","title":{"rendered":"Soumission"},"content":{"rendered":"<section class=\"l-section wpb_row height_small\"><div class=\"l-section-overlay\" style=\"background:#f9f9f9\"><\/div><div class=\"l-section-h i-cf\"><div class=\"g-cols vc_row via_flex valign_top type_default stacking_default\"><div class=\"vc_col-sm-6 wpb_column vc_column_container\"><div class=\"vc_column-inner\"><div class=\"wpb_wrapper\"><div class=\"w-image align_left\"><a href=\"https:\/\/hrwize.com\/\" aria-label=\"Titre\" class=\"w-image-h\"><img loading=\"lazy\" decoding=\"async\" width=\"180\" height=\"71\" src=\"https:\/\/hrwize.com\/wp-content\/uploads\/2017\/09\/HRWize-Logo.png\" class=\"g-placeholder\" alt=\"HRWize-Logo\" srcset=\"https:\/\/hrwize.com\/wp-content\/uploads\/2017\/09\/HRWize-Logo.png 225w, https:\/\/hrwize.com\/wp-content\/uploads\/2017\/09\/HRWize-Logo-125x49.png 125w\" sizes=\"auto, (max-width: 180px) 100vw, 180px\" \/><\/a><\/div><\/div><\/div><\/div><div class=\"vc_col-sm-6 wpb_column vc_column_container\"><div class=\"vc_column-inner\"><div class=\"wpb_wrapper\"><div class=\"ult-spacer spacer-69e36f1a91e22\" data-id=\"69e36f1a91e22\" data-height=\"20\" data-height-mobile=\"20\" data-height-tab=\"20\" data-height-tab-portrait=\"\" data-height-mobile-landscape=\"\" style=\"clear:both;display:block;\"><\/div>[vc_custom_heading text=\u00a0\u00bbSimple. \u00c9volutif. S\u00e9curis\u00e9.\u00a0\u00bb font_container=\u00a0\u00bbtag:h2|text_align:right\u00a0\u00bb use_theme_fonts=\u00a0\u00bbyes\u00a0\u00bb css=\u00a0\u00bb%7B%22default%22%3A%7B%22color%22%3A%22%23aa55a4%22%2C%22font-size%22%3A%2230px%22%2C%22line-height%22%3A%221.2%22%7D%7D\u00a0\u00bb]<\/div><\/div><\/div><\/div><\/div><\/section><section class=\"l-section wpb_row height_medium\"><div class=\"l-section-overlay\" style=\"background:#f9f9f9\"><\/div><div class=\"l-section-h i-cf\"><div class=\"g-cols vc_row via_flex valign_top type_default stacking_default\"><div class=\"vc_col-sm-6 wpb_column vc_column_container\"><div class=\"vc_column-inner\"><div class=\"wpb_wrapper\"><div class=\"g-cols wpb_row via_flex valign_top type_default stacking_default\"><div class=\"vc_col-sm-3 wpb_column vc_column_container\"><div class=\"vc_column-inner\"><div class=\"wpb_wrapper\"><\/div><\/div><\/div><div class=\"vc_col-sm-9 wpb_column vc_column_container\"><div class=\"vc_column-inner\"><div class=\"wpb_wrapper\">[vc_custom_heading text=\u00a0\u00bbDemander une soumission\u00a0\u00bb use_theme_fonts=\u00a0\u00bbyes\u00a0\u00bb css=\u00a0\u00bb%7B%22default%22%3A%7B%22color%22%3A%22%23aa55a4%22%2C%22font-size%22%3A%2260px%22%2C%22line-height%22%3A%221.2%22%7D%7D\u00a0\u00bb]<div class=\"wpb_text_column us_custom_1f257949\"><div class=\"wpb_wrapper\"><p><strong>Modules<\/strong><\/p>\n<ul>\n<li>Donn\u00e9es RH centralis\u00e9es<\/li>\n<li>Recrutement<\/li>\n<li>Gestion de temps<\/li>\n<li>Gestion de performance<\/li>\n<li>Engagement de l&#8217;employ\u00e9<\/li>\n<li>Formation<\/li>\n<li>Gestion des rapports<\/li>\n<li>Gestion des d\u00e9penses<\/li>\n<li>Flux de travail<\/li>\n<\/ul>\n<\/div><\/div><div class=\"ult-spacer spacer-69e36f1a93540\" data-id=\"69e36f1a93540\" data-height=\"50\" data-height-mobile=\"50\" data-height-tab=\"50\" data-height-tab-portrait=\"\" data-height-mobile-landscape=\"\" style=\"clear:both;display:block;\"><\/div><div id=\"ult-carousel-378007020869e36f1a9366f\" class=\"ult-carousel-wrapper   ult_horizontal\" data-gutter=\"15\" data-rtl=\"false\" ><div class=\"ult-carousel-152185388969e36f1a935e9 \" ><div class=\"ult-item-wrap\" data-animation=\"animated no-animation\"><div class=\"wpb_text_column us_custom_1f257949\"><div class=\"wpb_wrapper\"><p style=\"text-align: left;\">\u00a0\u00bb HRWize\u00a0est tr\u00e8s robuste. Nous sommes d\u00e9sormais en mesure de g\u00e9rer les pr\u00e9sences, les cong\u00e9s avec protection de l&#8217;emploi, le recrutement, les licenciements, les contactes d&rsquo;urgence, la discipline et le d\u00e9veloppement des performances sur une seule plateforme. \u00ab\u00a0<\/p>\n<p style=\"text-align: left;\"><span style=\"color: #00afbb;\"><strong>&#8211; <em>Responsable RH<\/em><\/strong><\/span><\/p>\n<\/div><\/div><\/div><div class=\"ult-item-wrap\" data-animation=\"animated no-animation\"><div class=\"wpb_text_column us_custom_1f257949\"><div class=\"wpb_wrapper\"><p style=\"text-align: left;\">\u00a0\u00bb\u00a0C&rsquo;est une bonne solution \u00e9volutive, pour une petite entreprise, que nous pouvons enrichir au fur et \u00e0 mesure que nous nous d\u00e9veloppons \u00e0 partir d&rsquo;une start-up et que nos syst\u00e8mes deviennent plus sophistiqu\u00e9s. \u00ab\u00a0<\/p>\n<p style=\"text-align: left;\"><span style=\"color: #00afbb;\"><strong>&#8211; <em>VP Personel et conformit\u00e9<\/em><\/strong><\/span><\/p>\n<\/div><\/div><\/div><div class=\"ult-item-wrap\" data-animation=\"animated no-animation\"><div class=\"wpb_text_column us_custom_1f257949\"><div class=\"wpb_wrapper\"><p style=\"text-align: left;\">\u00a0\u00bb L&rsquo;interface est propre et claire et les informations sont faciles \u00e0 trouver pour les employ\u00e9s. Le module de recrutement a \u00e9t\u00e9 facile \u00e0 mettre en \u0153uvre et \u00e0 utiliser, il nous aide \u00e0 \u00eatre plus comp\u00e9titifs sur le march\u00e9. \u00ab\u00a0<\/p>\n<p style=\"text-align: left;\"><span style=\"color: #00afbb;\"><strong>&#8211; <em>Responsable RH<\/em><\/strong><\/span><\/p>\n<\/div><\/div><\/div><\/div><\/div>\t\t\t<script type=\"text\/javascript\">\n\t\t\t\tjQuery(document).ready(function ($) {\n\t\t\t\t\tif( typeof jQuery('.ult-carousel-152185388969e36f1a935e9').slick == \"function\"){\n\t\t\t\t\t\t$('.ult-carousel-152185388969e36f1a935e9').slick({dots: false,autoplay: true,autoplaySpeed: \"5000\",speed: \"300\",infinite: true,arrows: true,nextArrow: '<button type=\"button\" role=\"button\" aria-label=\"Next\" style=\"color:#d1d1d1; font-size:25px;\" class=\"slick-next default\"><i class=\"ultsl-arrow-right6\"><\/i><\/button>',prevArrow: '<button type=\"button\" role=\"button\" aria-label=\"Previous\" style=\"color:#d1d1d1; font-size:25px;\" class=\"slick-prev default\"><i class=\"ultsl-arrow-left6\"><\/i><\/button>',slidesToScroll:1,slidesToShow:1,swipe: true,draggable: true,touchMove: true,pauseOnHover: true,pauseOnFocus: false,responsive: [\n\t\t\t\t\t\t\t{\n\t\t\t\t\t\t\t  breakpoint: 1026,\n\t\t\t\t\t\t\t  settings: {\n\t\t\t\t\t\t\t\tslidesToShow: 1,\n\t\t\t\t\t\t\t\tslidesToScroll: 1,  \n\t\t\t\t\t\t\t  }\n\t\t\t\t\t\t\t},\n\t\t\t\t\t\t\t{\n\t\t\t\t\t\t\t  breakpoint: 1025,\n\t\t\t\t\t\t\t  settings: {\n\t\t\t\t\t\t\t\tslidesToShow: 1,\n\t\t\t\t\t\t\t\tslidesToScroll: 1\n\t\t\t\t\t\t\t  }\n\t\t\t\t\t\t\t},\n\t\t\t\t\t\t\t{\n\t\t\t\t\t\t\t  breakpoint: 760,\n\t\t\t\t\t\t\t  settings: {\n\t\t\t\t\t\t\t\tslidesToShow: 1,\n\t\t\t\t\t\t\t\tslidesToScroll: 1\n\t\t\t\t\t\t\t  }\n\t\t\t\t\t\t\t}\n\t\t\t\t\t\t],pauseOnDotsHover: true,customPaging: function(slider, i) {\n                   return '<i type=\"button\" style= \"color:#333333;\" class=\"ultsl-record\" data-role=\"none\"><\/i>';\n                },});\n\t\t\t\t\t}\n\t\t\t\t});\n\t\t\t<\/script>\n\t\t\t<div class=\"ult-spacer spacer-69e36f1a93e0f\" data-id=\"69e36f1a93e0f\" data-height=\"30\" data-height-mobile=\"30\" data-height-tab=\"30\" data-height-tab-portrait=\"\" data-height-mobile-landscape=\"\" style=\"clear:both;display:block;\"><\/div><\/div><\/div><\/div><\/div><\/div><\/div><\/div><div class=\"vc_col-sm-6 wpb_column vc_column_container\"><div class=\"vc_column-inner\"><div class=\"wpb_wrapper\"><div class=\"g-cols wpb_row via_flex valign_top type_default stacking_default\"><div class=\"vc_col-sm-10 wpb_column vc_column_container\"><div class=\"vc_column-inner\"><div class=\"wpb_wrapper\">[vc_raw_html css=\u00a0\u00bb%7B%22default%22%3A%7B%22background-color%22%3A%22%23ffffff%22%2C%22border-style%22%3A%22solid%22%2C%22border-left-width%22%3A%221px%22%2C%22border-top-width%22%3A%221px%22%2C%22border-bottom-width%22%3A%221px%22%2C%22border-right-width%22%3A%221px%22%2C%22border-color%22%3A%22%23dddddd%22%7D%7D\u00a0\u00bb]JTNDYnIlM0UlM0NkaXYlMjBjbGFzcyUzRCUyMnBpcGVkcml2ZVdlYkZvcm1zJTIyJTIwZGF0YS1wZC13ZWJmb3JtcyUzRCUyMmh0dHBzJTNBJTJGJTJGd2ViZm9ybXMucGlwZWRyaXZlLmNvbSUyRmYlMkY2R1hTem1PRE82WTRnTFBUWWRFSVlSb1VEY0IxR3NIZzI5Wmpvc3VGbmdvZTZkaUc1NkNIaDEyTVpjYjVLakNjQ2YlMjIlM0UlM0NzY3JpcHQlMjBzcmMlM0QlMjJodHRwcyUzQSUyRiUyRndlYmZvcm1zLnBpcGVkcml2ZS5jb20lMkZmJTJGbG9hZGVyJTIyJTNFJTNDJTJGc2NyaXB0JTNFJTNDJTJGZGl2JTNFJTNDJTJGYnIlM0U=[\/vc_raw_html]<\/div><\/div><\/div><div class=\"vc_col-sm-2 wpb_column vc_column_container\"><div class=\"vc_column-inner\"><div class=\"wpb_wrapper\"><\/div><\/div><\/div><\/div><\/div><\/div><\/div><\/div><\/div><\/section><section class=\"l-section wpb_row height_small\"><div class=\"l-section-overlay\" style=\"background:#566370\"><\/div><div class=\"l-section-h i-cf\"><div class=\"g-cols vc_row via_flex valign_top type_default stacking_default\"><div class=\"vc_col-sm-12 wpb_column vc_column_container\"><div class=\"vc_column-inner\"><div class=\"wpb_wrapper\"><div class=\"ult-spacer spacer-69e36f1a94de2\" data-id=\"69e36f1a94de2\" data-height=\"20\" data-height-mobile=\"20\" data-height-tab=\"20\" data-height-tab-portrait=\"\" data-height-mobile-landscape=\"\" style=\"clear:both;display:block;\"><\/div><\/div><\/div><\/div><\/div><\/div><\/section>\n","protected":false},"excerpt":{"rendered":"[vc_custom_heading text=\"Simple. \u00c9volutif. S\u00e9curis\u00e9.\" font_container=\"tag:h2|text_align:right\" use_theme_fonts=\"yes\" css=\"%7B%22default%22%3A%7B%22color%22%3A%22%23aa55a4%22%2C%22font-size%22%3A%2230px%22%2C%22line-height%22%3A%221.2%22%7D%7D\"][vc_custom_heading text=\"Demander une soumission\" use_theme_fonts=\"yes\" css=\"%7B%22default%22%3A%7B%22color%22%3A%22%23aa55a4%22%2C%22font-size%22%3A%2260px%22%2C%22line-height%22%3A%221.2%22%7D%7D\"]Modules Donn\u00e9es RH centralis\u00e9es Recrutement Gestion de temps Gestion de performance Engagement de l&#8217;employ\u00e9 Formation Gestion des rapports Gestion des d\u00e9penses Flux de travail \u00a0\u00bb HRWize\u00a0est tr\u00e8s robuste. Nous sommes d\u00e9sormais en mesure de g\u00e9rer les pr\u00e9sences, les cong\u00e9s avec protection de l&#8217;emploi, le...","protected":false},"author":21,"featured_media":0,"parent":0,"menu_order":0,"comment_status":"closed","ping_status":"closed","template":"","meta":{"footnotes":""},"class_list":["post-12829","page","type-page","status-publish","hentry"],"yoast_head":"<!-- This site is optimized with the Yoast SEO Premium plugin v27.2 (Yoast SEO v27.2) - https:\/\/yoast.com\/product\/yoast-seo-premium-wordpress\/ -->\n<title>Soumission - HRWize<\/title>\n<meta name=\"description\" content=\"Cloud based human resource (HR) management tool is totally scalable, so that when you grow it grows with you. Employees can manage themselves from a to z.\" \/>\n<meta name=\"robots\" content=\"index, follow, max-snippet:-1, max-image-preview:large, max-video-preview:-1\" \/>\n<link rel=\"canonical\" href=\"https:\/\/hrwize.com\/soumission\/?lang=fr\" \/>\n<meta property=\"og:locale\" content=\"fr_FR\" \/>\n<meta property=\"og:type\" content=\"article\" \/>\n<meta property=\"og:title\" content=\"Soumission\" \/>\n<meta property=\"og:description\" content=\"Cloud based human resource (HR) management tool is totally scalable, so that when you grow it grows with you. Employees can manage themselves from a to z.\" \/>\n<meta property=\"og:url\" content=\"https:\/\/hrwize.com\/soumission\/?lang=fr\" \/>\n<meta property=\"og:site_name\" content=\"HRWize\" \/>\n<meta property=\"article:publisher\" content=\"http:\/\/facebook.com\/hrwize\" \/>\n<meta name=\"twitter:card\" content=\"summary_large_image\" \/>\n<meta name=\"twitter:site\" content=\"@hrwize_\" \/>\n<meta name=\"twitter:label1\" content=\"Dur\u00e9e de lecture estim\u00e9e\" \/>\n\t<meta name=\"twitter:data1\" content=\"1 minute\" \/>\n<script type=\"application\/ld+json\" class=\"yoast-schema-graph\">{\"@context\":\"https:\/\/schema.org\",\"@graph\":[{\"@type\":\"WebPage\",\"@id\":\"https:\/\/hrwize.com\/soumission\/?lang=fr\",\"url\":\"https:\/\/hrwize.com\/soumission\/?lang=fr\",\"name\":\"Soumission - HRWize\",\"isPartOf\":{\"@id\":\"https:\/\/hrwize.com\/#website\"},\"datePublished\":\"2023-01-09T15:21:25+00:00\",\"description\":\"Cloud based human resource (HR) management tool is totally scalable, so that when you grow it grows with you. Employees can manage themselves from a to z.\",\"breadcrumb\":{\"@id\":\"https:\/\/hrwize.com\/soumission\/?lang=fr#breadcrumb\"},\"inLanguage\":\"fr-FR\",\"potentialAction\":[{\"@type\":\"ReadAction\",\"target\":[\"https:\/\/hrwize.com\/soumission\/?lang=fr\"]}]},{\"@type\":\"BreadcrumbList\",\"@id\":\"https:\/\/hrwize.com\/soumission\/?lang=fr#breadcrumb\",\"itemListElement\":[{\"@type\":\"ListItem\",\"position\":1,\"name\":\"Home\",\"item\":\"https:\/\/hrwize.com\/fr\/\"},{\"@type\":\"ListItem\",\"position\":2,\"name\":\"Soumission\"}]},{\"@type\":\"WebSite\",\"@id\":\"https:\/\/hrwize.com\/#website\",\"url\":\"https:\/\/hrwize.com\/\",\"name\":\"HRWize\",\"description\":\"HRIS solution for growing businesses\",\"publisher\":{\"@id\":\"https:\/\/hrwize.com\/#organization\"},\"potentialAction\":[{\"@type\":\"SearchAction\",\"target\":{\"@type\":\"EntryPoint\",\"urlTemplate\":\"https:\/\/hrwize.com\/?s={search_term_string}\"},\"query-input\":{\"@type\":\"PropertyValueSpecification\",\"valueRequired\":true,\"valueName\":\"search_term_string\"}}],\"inLanguage\":\"fr-FR\"},{\"@type\":\"Organization\",\"@id\":\"https:\/\/hrwize.com\/#organization\",\"name\":\"HRWize\",\"url\":\"https:\/\/hrwize.com\/\",\"logo\":{\"@type\":\"ImageObject\",\"inLanguage\":\"fr-FR\",\"@id\":\"https:\/\/hrwize.com\/#\/schema\/logo\/image\/\",\"url\":\"https:\/\/hrwize.com\/wp-content\/uploads\/2017\/03\/200-HR.png\",\"contentUrl\":\"https:\/\/hrwize.com\/wp-content\/uploads\/2017\/03\/200-HR.png\",\"width\":200,\"height\":96,\"caption\":\"HRWize\"},\"image\":{\"@id\":\"https:\/\/hrwize.com\/#\/schema\/logo\/image\/\"},\"sameAs\":[\"http:\/\/facebook.com\/hrwize\",\"https:\/\/x.com\/hrwize_\",\"http:\/\/instagram.com\/hrwize\",\"https:\/\/www.linkedin.com\/company\/15201221?trk=prof-exp-company-name\"]}]}<\/script>\n<!-- \/ Yoast SEO Premium plugin. -->","yoast_head_json":{"title":"Soumission - HRWize","description":"Cloud based human resource (HR) management tool is totally scalable, so that when you grow it grows with you. Employees can manage themselves from a to z.","robots":{"index":"index","follow":"follow","max-snippet":"max-snippet:-1","max-image-preview":"max-image-preview:large","max-video-preview":"max-video-preview:-1"},"canonical":"https:\/\/hrwize.com\/soumission\/?lang=fr","og_locale":"fr_FR","og_type":"article","og_title":"Soumission","og_description":"Cloud based human resource (HR) management tool is totally scalable, so that when you grow it grows with you. Employees can manage themselves from a to z.","og_url":"https:\/\/hrwize.com\/soumission\/?lang=fr","og_site_name":"HRWize","article_publisher":"http:\/\/facebook.com\/hrwize","twitter_card":"summary_large_image","twitter_site":"@hrwize_","twitter_misc":{"Dur\u00e9e de lecture estim\u00e9e":"1 minute"},"schema":{"@context":"https:\/\/schema.org","@graph":[{"@type":"WebPage","@id":"https:\/\/hrwize.com\/soumission\/?lang=fr","url":"https:\/\/hrwize.com\/soumission\/?lang=fr","name":"Soumission - HRWize","isPartOf":{"@id":"https:\/\/hrwize.com\/#website"},"datePublished":"2023-01-09T15:21:25+00:00","description":"Cloud based human resource (HR) management tool is totally scalable, so that when you grow it grows with you. Employees can manage themselves from a to z.","breadcrumb":{"@id":"https:\/\/hrwize.com\/soumission\/?lang=fr#breadcrumb"},"inLanguage":"fr-FR","potentialAction":[{"@type":"ReadAction","target":["https:\/\/hrwize.com\/soumission\/?lang=fr"]}]},{"@type":"BreadcrumbList","@id":"https:\/\/hrwize.com\/soumission\/?lang=fr#breadcrumb","itemListElement":[{"@type":"ListItem","position":1,"name":"Home","item":"https:\/\/hrwize.com\/fr\/"},{"@type":"ListItem","position":2,"name":"Soumission"}]},{"@type":"WebSite","@id":"https:\/\/hrwize.com\/#website","url":"https:\/\/hrwize.com\/","name":"HRWize","description":"HRIS solution for growing businesses","publisher":{"@id":"https:\/\/hrwize.com\/#organization"},"potentialAction":[{"@type":"SearchAction","target":{"@type":"EntryPoint","urlTemplate":"https:\/\/hrwize.com\/?s={search_term_string}"},"query-input":{"@type":"PropertyValueSpecification","valueRequired":true,"valueName":"search_term_string"}}],"inLanguage":"fr-FR"},{"@type":"Organization","@id":"https:\/\/hrwize.com\/#organization","name":"HRWize","url":"https:\/\/hrwize.com\/","logo":{"@type":"ImageObject","inLanguage":"fr-FR","@id":"https:\/\/hrwize.com\/#\/schema\/logo\/image\/","url":"https:\/\/hrwize.com\/wp-content\/uploads\/2017\/03\/200-HR.png","contentUrl":"https:\/\/hrwize.com\/wp-content\/uploads\/2017\/03\/200-HR.png","width":200,"height":96,"caption":"HRWize"},"image":{"@id":"https:\/\/hrwize.com\/#\/schema\/logo\/image\/"},"sameAs":["http:\/\/facebook.com\/hrwize","https:\/\/x.com\/hrwize_","http:\/\/instagram.com\/hrwize","https:\/\/www.linkedin.com\/company\/15201221?trk=prof-exp-company-name"]}]}},"_links":{"self":[{"href":"https:\/\/hrwize.com\/fr\/wp-json\/wp\/v2\/pages\/12829","targetHints":{"allow":["GET"]}}],"collection":[{"href":"https:\/\/hrwize.com\/fr\/wp-json\/wp\/v2\/pages"}],"about":[{"href":"https:\/\/hrwize.com\/fr\/wp-json\/wp\/v2\/types\/page"}],"author":[{"embeddable":true,"href":"https:\/\/hrwize.com\/fr\/wp-json\/wp\/v2\/users\/21"}],"replies":[{"embeddable":true,"href":"https:\/\/hrwize.com\/fr\/wp-json\/wp\/v2\/comments?post=12829"}],"version-history":[{"count":4,"href":"https:\/\/hrwize.com\/fr\/wp-json\/wp\/v2\/pages\/12829\/revisions"}],"predecessor-version":[{"id":12833,"href":"https:\/\/hrwize.com\/fr\/wp-json\/wp\/v2\/pages\/12829\/revisions\/12833"}],"wp:attachment":[{"href":"https:\/\/hrwize.com\/fr\/wp-json\/wp\/v2\/media?parent=12829"}],"curies":[{"name":"wp","href":"https:\/\/api.w.org\/{rel}","templated":true}]}}