{"id":11985,"date":"2022-12-31T10:35:43","date_gmt":"2022-12-31T15:35:43","guid":{"rendered":"https:\/\/hrwize.com\/?page_id=11985"},"modified":"2026-04-03T18:02:20","modified_gmt":"2026-04-03T22:02:20","slug":"contactez-nous","status":"publish","type":"page","link":"https:\/\/hrwize.com\/fr\/contactez-nous\/","title":{"rendered":"Contactez-nous"},"content":{"rendered":"<section class=\"l-section wpb_row hide_on_tablets hide_on_mobiles height_large width_full with_img parallax_ver parallaxdir_reversed\"><div class=\"l-section-img\" role=\"img\" aria-label=\"Hand hold a card with the contact symbols call, email and website\" data-img-width=\"2000\" data-img-height=\"900\" style=\"background-image: url(https:\/\/hrwize.com\/wp-content\/uploads\/2026\/02\/Contact-main.jpg);\"><\/div><div class=\"l-section-h i-cf\"><div class=\"g-cols vc_row via_flex valign_top type_default stacking_default\"><div class=\"vc_col-sm-6 wpb_column vc_column_container\"><div class=\"vc_column-inner\"><div class=\"wpb_wrapper\"><div class=\"g-cols wpb_row us_custom_734de34e via_flex valign_top type_default stacking_default\"><div class=\"vc_col-sm-12 wpb_column vc_column_container\"><div class=\"vc_column-inner\"><div class=\"wpb_wrapper\">[vc_custom_heading text=\u00a0\u00bbContactez-nous d\u00e8s aujourd&rsquo;hui\u00a0\u00bb font_container=\u00a0\u00bbtag:h1|font_size:40|text_align:left|color:%23ffffff\u00a0\u00bb use_theme_fonts=\u00a0\u00bbyes\u00a0\u00bb css=\u00a0\u00bb%7B%22default%22%3A%7B%22color%22%3A%22%23046666%22%2C%22font-size%22%3A%2280px%22%2C%22line-height%22%3A%221%22%2C%22letter-spacing%22%3A%22-0.04em%22%2C%22font-family%22%3A%22h1%22%2C%22font-weight%22%3A%22500%22%2C%22margin-bottom%22%3A%225px%22%2C%22padding-bottom%22%3A%225px%22%7D%7D\u00a0\u00bb]<div class=\"wpb_text_column us_custom_43ba0cff has_text_color\"><div class=\"wpb_wrapper\"><h2 style=\"text-align: left;\">N&rsquo;est-il pas temps ?<\/h2>\n<\/div><\/div><div class=\"ult-spacer spacer-69f363443acca\" data-id=\"69f363443acca\" data-height=\"40\" data-height-mobile=\"40\" data-height-tab=\"40\" data-height-tab-portrait=\"\" data-height-mobile-landscape=\"\" style=\"clear:both;display:block;\"><\/div><div class=\"w-socials us_custom_6d03fa64 color_link shape_circle style_solid hover_fade\" style=\"--gap:0.1em;\"><div class=\"w-socials-list\"><div class=\"w-socials-item email\"><a href=\"mailto:info@hrwize.com\" class=\"w-socials-item-link\" aria-label=\"E-mail\"><span class=\"w-socials-item-link-hover\"><\/span><i class=\"fas fa-envelope\"><\/i><\/a><div class=\"w-socials-item-popup\"><span>E-mail<\/span><\/div><\/div><div class=\"w-socials-item facebook\"><a target=\"_blank\" rel=\"nofollow\" href=\"https:\/\/www.facebook.com\/hrwize\/\" class=\"w-socials-item-link\" aria-label=\"Facebook\"><span class=\"w-socials-item-link-hover\"><\/span><i class=\"fab fa-facebook\"><\/i><\/a><div class=\"w-socials-item-popup\"><span>Facebook<\/span><\/div><\/div><div class=\"w-socials-item twitter\"><a target=\"_blank\" rel=\"nofollow\" href=\"https:\/\/twitter.com\/hrwize_\" class=\"w-socials-item-link\" aria-label=\"X\"><span class=\"w-socials-item-link-hover\"><\/span><i class=\"fab fa-x-twitter\"><svg style=\"width:1em; margin-bottom:-.1em;\" xmlns=\"http:\/\/www.w3.org\/2000\/svg\" viewBox=\"0 0 512 512\" role=\"presentation\"><path fill=\"currentColor\" d=\"M389.2 48h70.6L305.6 224.2 487 464H345L233.7 318.6 106.5 464H35.8L200.7 275.5 26.8 48H172.4L272.9 180.9 389.2 48zM364.4 421.8h39.1L151.1 88h-42L364.4 421.8z\"\/><\/svg><\/i><\/a><div class=\"w-socials-item-popup\"><span>X<\/span><\/div><\/div><div class=\"w-socials-item linkedin\"><a target=\"_blank\" rel=\"nofollow\" href=\"https:\/\/www.linkedin.com\/company\/15201221\/\" class=\"w-socials-item-link\" aria-label=\"LinkedIn\"><span class=\"w-socials-item-link-hover\"><\/span><i class=\"fab fa-linkedin\"><\/i><\/a><div class=\"w-socials-item-popup\"><span>LinkedIn<\/span><\/div><\/div><div class=\"w-socials-item instagram\"><a target=\"_blank\" rel=\"nofollow\" href=\"https:\/\/www.instagram.com\/hrwize\/\" class=\"w-socials-item-link\" aria-label=\"Instagram\"><span class=\"w-socials-item-link-hover\"><\/span><i class=\"fab fa-instagram\"><\/i><\/a><div class=\"w-socials-item-popup\"><span>Instagram<\/span><\/div><\/div><\/div><\/div><\/div><\/div><\/div><\/div><div class=\"ult-spacer spacer-69f363443b034\" data-id=\"69f363443b034\" data-height=\"40\" data-height-mobile=\"40\" data-height-tab=\"40\" data-height-tab-portrait=\"\" data-height-mobile-landscape=\"\" style=\"clear:both;display:block;\"><\/div><\/div><\/div><\/div><div class=\"vc_col-sm-6 wpb_column vc_column_container\"><div class=\"vc_column-inner\"><div class=\"wpb_wrapper\"><\/div><\/div><\/div><\/div><\/div><\/section><section class=\"l-section wpb_row hide_on_default hide_on_laptops height_large width_full parallax_ver parallaxdir_reversed\"><div class=\"l-section-overlay\" style=\"background:#F8FAFB\"><\/div><div class=\"l-section-h i-cf\"><div class=\"g-cols vc_row via_flex valign_top type_default stacking_default\"><div class=\"vc_col-sm-12 wpb_column vc_column_container\"><div class=\"vc_column-inner\"><div class=\"wpb_wrapper\"><div class=\"ult-spacer spacer-69f363443bb0a\" data-id=\"69f363443bb0a\" data-height=\"120\" data-height-mobile=\"120\" data-height-tab=\"120\" data-height-tab-portrait=\"\" data-height-mobile-landscape=\"\" style=\"clear:both;display:block;\"><\/div><div class=\"g-cols wpb_row us_custom_6bd89eea via_flex valign_top type_default stacking_default\"><div class=\"vc_col-sm-12 wpb_column vc_column_container\"><div class=\"vc_column-inner\"><div class=\"wpb_wrapper\">[vc_custom_heading text=\u00a0\u00bbContactez-nous d\u00e8s aujourd&rsquo;hui\u00a0\u00bb use_theme_fonts=\u00a0\u00bbyes\u00a0\u00bb css=\u00a0\u00bb%7B%22default%22%3A%7B%22color%22%3A%22%23046666%22%2C%22font-size%22%3A%2280px%22%2C%22line-height%22%3A%221.1%22%2C%22letter-spacing%22%3A%22-0.04em%22%2C%22font-family%22%3A%22h1%22%2C%22font-weight%22%3A%22500%22%7D%2C%22laptops%22%3A%7B%22color%22%3A%22%23046666%22%2C%22font-size%22%3A%2280px%22%2C%22line-height%22%3A%221.1%22%2C%22letter-spacing%22%3A%22-0.04em%22%2C%22font-family%22%3A%22h1%22%2C%22font-weight%22%3A%22500%22%7D%2C%22tablets%22%3A%7B%22color%22%3A%22%23046666%22%2C%22font-size%22%3A%2250px%22%2C%22line-height%22%3A%221.1%22%2C%22letter-spacing%22%3A%22-0.04em%22%2C%22font-family%22%3A%22h1%22%2C%22font-weight%22%3A%22500%22%7D%2C%22mobiles%22%3A%7B%22color%22%3A%22%23046666%22%2C%22font-size%22%3A%2250px%22%2C%22line-height%22%3A%221.1%22%2C%22letter-spacing%22%3A%22-0.04em%22%2C%22font-family%22%3A%22h1%22%2C%22font-weight%22%3A%22500%22%7D%7D\u00a0\u00bb]<div class=\"ult-spacer spacer-69f363443bfd2\" data-id=\"69f363443bfd2\" data-height=\"10\" data-height-mobile=\"10\" data-height-tab=\"10\" data-height-tab-portrait=\"\" data-height-mobile-landscape=\"\" style=\"clear:both;display:block;\"><\/div>[vc_custom_heading text=\u00a0\u00bbN&rsquo;est-il pas temps ?\u00a0\u00bb font_container=\u00a0\u00bbtag:h3|text_align:left\u00a0\u00bb css=\u00a0\u00bb%7B%22default%22%3A%7B%22color%22%3A%22_content_heading%22%2C%22font-size%22%3A%2230px%22%2C%22line-height%22%3A%221.2%22%2C%22letter-spacing%22%3A%22-0.04em%22%2C%22font-family%22%3A%22h1%22%2C%22font-weight%22%3A%22500%22%7D%7D\u00a0\u00bb]<div class=\"ult-spacer spacer-69f363443c021\" data-id=\"69f363443c021\" data-height=\"30\" data-height-mobile=\"30\" data-height-tab=\"30\" data-height-tab-portrait=\"\" data-height-mobile-landscape=\"\" style=\"clear:both;display:block;\"><\/div><div class=\"w-socials us_custom_6d03fa64 color_link shape_circle style_solid hover_fade\" style=\"--gap:0.1em;\"><div class=\"w-socials-list\"><div class=\"w-socials-item email\"><a href=\"mailto:info@hrwize.com\" class=\"w-socials-item-link\" aria-label=\"E-mail\"><span class=\"w-socials-item-link-hover\"><\/span><i class=\"fas fa-envelope\"><\/i><\/a><div class=\"w-socials-item-popup\"><span>E-mail<\/span><\/div><\/div><div class=\"w-socials-item facebook\"><a target=\"_blank\" rel=\"nofollow\" href=\"https:\/\/www.facebook.com\/hrwize\/\" class=\"w-socials-item-link\" aria-label=\"Facebook\"><span class=\"w-socials-item-link-hover\"><\/span><i class=\"fab fa-facebook\"><\/i><\/a><div class=\"w-socials-item-popup\"><span>Facebook<\/span><\/div><\/div><div class=\"w-socials-item twitter\"><a target=\"_blank\" rel=\"nofollow\" href=\"https:\/\/twitter.com\/hrwize_\" class=\"w-socials-item-link\" aria-label=\"X\"><span class=\"w-socials-item-link-hover\"><\/span><i class=\"fab fa-x-twitter\"><svg style=\"width:1em; margin-bottom:-.1em;\" xmlns=\"http:\/\/www.w3.org\/2000\/svg\" viewBox=\"0 0 512 512\" role=\"presentation\"><path fill=\"currentColor\" d=\"M389.2 48h70.6L305.6 224.2 487 464H345L233.7 318.6 106.5 464H35.8L200.7 275.5 26.8 48H172.4L272.9 180.9 389.2 48zM364.4 421.8h39.1L151.1 88h-42L364.4 421.8z\"\/><\/svg><\/i><\/a><div class=\"w-socials-item-popup\"><span>X<\/span><\/div><\/div><div class=\"w-socials-item linkedin\"><a target=\"_blank\" rel=\"nofollow\" href=\"https:\/\/www.linkedin.com\/company\/15201221\/\" class=\"w-socials-item-link\" aria-label=\"LinkedIn\"><span class=\"w-socials-item-link-hover\"><\/span><i class=\"fab fa-linkedin\"><\/i><\/a><div class=\"w-socials-item-popup\"><span>LinkedIn<\/span><\/div><\/div><div class=\"w-socials-item instagram\"><a target=\"_blank\" rel=\"nofollow\" href=\"https:\/\/www.instagram.com\/hrwize\/\" class=\"w-socials-item-link\" aria-label=\"Instagram\"><span class=\"w-socials-item-link-hover\"><\/span><i class=\"fab fa-instagram\"><\/i><\/a><div class=\"w-socials-item-popup\"><span>Instagram<\/span><\/div><\/div><\/div><\/div><\/div><\/div><\/div><\/div><\/div><\/div><\/div><\/div><\/div><\/section><section class=\"l-section wpb_row height_small\"><div class=\"l-section-h i-cf\"><div class=\"g-cols vc_row via_flex valign_top type_default stacking_default\"><div class=\"vc_col-sm-6 wpb_column vc_column_container has_bg_color\"><div class=\"vc_column-inner us_custom_4fb9e5a3\"><div class=\"wpb_wrapper\"><div class=\"g-cols wpb_row via_flex valign_top type_default stacking_default\"><div class=\"vc_col-sm-2 wpb_column vc_column_container\"><div class=\"vc_column-inner\"><div class=\"wpb_wrapper\"><\/div><\/div><\/div><div class=\"vc_col-sm-10 wpb_column vc_column_container\"><div class=\"vc_column-inner\"><div class=\"wpb_wrapper\">[vc_raw_html css=\u00a0\u00bb%7B%22default%22%3A%7B%22background-color%22%3A%22%23f5f5f5%22%2C%22border-style%22%3A%22solid%22%2C%22border-left-width%22%3A%221px%22%2C%22border-top-width%22%3A%221px%22%2C%22border-bottom-width%22%3A%221px%22%2C%22border-right-width%22%3A%221px%22%2C%22border-color%22%3A%22%23dddddd%22%7D%7D\u00a0\u00bb]JTNDZGl2JTIwY2xhc3MlM0QlMjJwaXBlZHJpdmVXZWJGb3JtcyUyMiUyMGRhdGEtcGQtd2ViZm9ybXMlM0QlMjJodHRwcyUzQSUyRiUyRndlYmZvcm1zLnBpcGVkcml2ZS5jb20lMkZmJTJGNmlBeXhDZUVqWXJ5ZjlMRVJKV3dQNDlsd0o0RHF6ZkhpQXo0dVRtSlZncGp2b2pPWVhGMnBhZkFieHRvdWJHc1p0JTIyJTNFJTNDc2NyaXB0JTIwc3JjJTNEJTIyaHR0cHMlM0ElMkYlMkZ3ZWJmb3Jtcy5waXBlZHJpdmUuY29tJTJGZiUyRmxvYWRlciUyMiUzRSUzQyUyRnNjcmlwdCUzRSUzQyUyRmRpdiUzRSUyMA==[\/vc_raw_html]<\/div><\/div><\/div><\/div><\/div><\/div><\/div><div class=\"vc_col-sm-6 wpb_column vc_column_container\"><div class=\"vc_column-inner us_custom_f318a886\"><div class=\"wpb_wrapper\"><div class=\"wpb_text_column us_custom_e2aee182\"><div class=\"wpb_wrapper\"><p style=\"text-align: left;\"><strong><span style=\"color: #2fbfc5;\">COURRIEL :\u00a0<\/span><\/strong><a href=\"mailto:info@hrwize.com\">info@hrwize.com<\/a><br \/>\n<strong><span style=\"color: #2fbfc5;\">LOCAL : <\/span><\/strong>514-326-7626 \u00a0<strong><span style=\"color: #2fbfc5;\">SANS FRAIS :\u00a0<\/span><\/strong>1-888-840-3375<br \/>\n<strong><span style=\"color: #2fbfc5;\">ADRESSE : <\/span><\/strong><span>3551 St.Charles Blvd, Bureau 455, Kirkland, QC, H9H 3C4<\/span><\/p>\n<\/div><\/div><div class=\"ult-spacer spacer-69f363443d498\" data-id=\"69f363443d498\" data-height=\"15\" data-height-mobile=\"15\" data-height-tab=\"15\" data-height-tab-portrait=\"\" data-height-mobile-landscape=\"\" style=\"clear:both;display:block;\"><\/div><div class=\"w-map provider_google\" id=\"us_map_1\"><div class=\"w-map-inner\"><div class=\"w-map-json\" onclick='return {&quot;address&quot;:&quot;3551 St.Charles Blvd. Suite 455, Kirkland,QC&quot;,&quot;disableDragging&quot;:0,&quot;disableZoom&quot;:0,&quot;hideControls&quot;:0,&quot;zoom&quot;:14,&quot;markers&quot;:[{&quot;address&quot;:&quot;3551 St.Charles Blvd. Suite 455, Kirkland,QC&quot;,&quot;html&quot;:&quot;&lt;h6&gt;Hey, we are here!&lt;\\\/h6&gt;&lt;p&gt;We will be glad to see you in our office.&lt;\\\/p&gt;&quot;,&quot;infowindow&quot;:0}],&quot;maptype&quot;:&quot;ROADMAP&quot;}'><\/div><\/div><\/div><\/div><\/div><\/div><\/div><\/div><\/section>\n","protected":false},"excerpt":{"rendered":"[vc_custom_heading text=\"Contactez-nous d\u00e8s aujourd'hui\" font_container=\"tag:h1|font_size:40|text_align:left|color:%23ffffff\" use_theme_fonts=\"yes\" css=\"%7B%22default%22%3A%7B%22color%22%3A%22%23046666%22%2C%22font-size%22%3A%2280px%22%2C%22line-height%22%3A%221%22%2C%22letter-spacing%22%3A%22-0.04em%22%2C%22font-family%22%3A%22h1%22%2C%22font-weight%22%3A%22500%22%2C%22margin-bottom%22%3A%225px%22%2C%22padding-bottom%22%3A%225px%22%7D%7D\"]N&rsquo;est-il pas temps ? E-mailFacebookXLinkedInInstagram[vc_custom_heading text=\"Contactez-nous d\u00e8s aujourd'hui\" use_theme_fonts=\"yes\" css=\"%7B%22default%22%3A%7B%22color%22%3A%22%23046666%22%2C%22font-size%22%3A%2280px%22%2C%22line-height%22%3A%221.1%22%2C%22letter-spacing%22%3A%22-0.04em%22%2C%22font-family%22%3A%22h1%22%2C%22font-weight%22%3A%22500%22%7D%2C%22laptops%22%3A%7B%22color%22%3A%22%23046666%22%2C%22font-size%22%3A%2280px%22%2C%22line-height%22%3A%221.1%22%2C%22letter-spacing%22%3A%22-0.04em%22%2C%22font-family%22%3A%22h1%22%2C%22font-weight%22%3A%22500%22%7D%2C%22tablets%22%3A%7B%22color%22%3A%22%23046666%22%2C%22font-size%22%3A%2250px%22%2C%22line-height%22%3A%221.1%22%2C%22letter-spacing%22%3A%22-0.04em%22%2C%22font-family%22%3A%22h1%22%2C%22font-weight%22%3A%22500%22%7D%2C%22mobiles%22%3A%7B%22color%22%3A%22%23046666%22%2C%22font-size%22%3A%2250px%22%2C%22line-height%22%3A%221.1%22%2C%22letter-spacing%22%3A%22-0.04em%22%2C%22font-family%22%3A%22h1%22%2C%22font-weight%22%3A%22500%22%7D%7D\"][vc_custom_heading text=\"N'est-il pas temps ?\" font_container=\"tag:h3|text_align:left\" css=\"%7B%22default%22%3A%7B%22color%22%3A%22_content_heading%22%2C%22font-size%22%3A%2230px%22%2C%22line-height%22%3A%221.2%22%2C%22letter-spacing%22%3A%22-0.04em%22%2C%22font-family%22%3A%22h1%22%2C%22font-weight%22%3A%22500%22%7D%7D\"]E-mailFacebookXLinkedInInstagram[vc_raw_html css=\"%7B%22default%22%3A%7B%22background-color%22%3A%22%23f5f5f5%22%2C%22border-style%22%3A%22solid%22%2C%22border-left-width%22%3A%221px%22%2C%22border-top-width%22%3A%221px%22%2C%22border-bottom-width%22%3A%221px%22%2C%22border-right-width%22%3A%221px%22%2C%22border-color%22%3A%22%23dddddd%22%7D%7D\"]JTNDZGl2JTIwY2xhc3MlM0QlMjJwaXBlZHJpdmVXZWJGb3JtcyUyMiUyMGRhdGEtcGQtd2ViZm9ybXMlM0QlMjJodHRwcyUzQSUyRiUyRndlYmZvcm1zLnBpcGVkcml2ZS5jb20lMkZmJTJGNmlBeXhDZUVqWXJ5ZjlMRVJKV3dQNDlsd0o0RHF6ZkhpQXo0dVRtSlZncGp2b2pPWVhGMnBhZkFieHRvdWJHc1p0JTIyJTNFJTNDc2NyaXB0JTIwc3JjJTNEJTIyaHR0cHMlM0ElMkYlMkZ3ZWJmb3Jtcy5waXBlZHJpdmUuY29tJTJGZiUyRmxvYWRlciUyMiUzRSUzQyUyRnNjcmlwdCUzRSUzQyUyRmRpdiUzRSUyMA==[\/vc_raw_html]COURRIEL :\u00a0info@hrwize.com LOCAL : 514-326-7626 \u00a0SANS FRAIS :\u00a01-888-840-3375 ADRESSE : 3551 St.Charles Blvd, Bureau 455, Kirkland, QC, H9H 3C4","protected":false},"author":21,"featured_media":9102,"parent":0,"menu_order":0,"comment_status":"closed","ping_status":"closed","template":"","meta":{"footnotes":""},"class_list":["post-11985","page","type-page","status-publish","has-post-thumbnail","hentry"],"yoast_head":"<!-- This site is optimized with the Yoast SEO Premium plugin v27.2 (Yoast SEO v27.2) - https:\/\/yoast.com\/product\/yoast-seo-premium-wordpress\/ -->\n<title>Contactez-Nous - HRWize | Solution de plateforme SIRH<\/title>\n<meta name=\"description\" content=\"Parlez \u00e0 nos experts et voyez comment la Solution SIRH HRWize optimise vos op\u00e9rations RH, am\u00e9liore l\u2019efficacit\u00e9 et connecte vos syst\u00e8mes.\" \/>\n<meta name=\"robots\" content=\"index, follow, max-snippet:-1, max-image-preview:large, max-video-preview:-1\" \/>\n<link rel=\"canonical\" href=\"https:\/\/hrwize.com\/fr\/contactez-nous\/\" \/>\n<meta property=\"og:locale\" content=\"fr_FR\" \/>\n<meta property=\"og:type\" content=\"article\" \/>\n<meta property=\"og:title\" content=\"Contactez-nous\" \/>\n<meta property=\"og:description\" content=\"Parlez \u00e0 nos experts et voyez comment la Solution SIRH HRWize optimise vos op\u00e9rations RH, am\u00e9liore l\u2019efficacit\u00e9 et connecte vos syst\u00e8mes.\" \/>\n<meta property=\"og:url\" content=\"https:\/\/hrwize.com\/fr\/contactez-nous\/\" \/>\n<meta property=\"og:site_name\" content=\"HRWize\" \/>\n<meta property=\"article:publisher\" content=\"http:\/\/facebook.com\/hrwize\" \/>\n<meta property=\"article:modified_time\" content=\"2026-04-03T22:02:20+00:00\" \/>\n<meta property=\"og:image\" content=\"https:\/\/hrwize.com\/wp-content\/uploads\/2021\/09\/HRWize-Logo2021-1.png\" \/>\n\t<meta property=\"og:image:width\" content=\"596\" \/>\n\t<meta property=\"og:image:height\" content=\"236\" \/>\n\t<meta property=\"og:image:type\" content=\"image\/png\" \/>\n<meta name=\"twitter:card\" content=\"summary_large_image\" \/>\n<meta name=\"twitter:site\" content=\"@hrwize_\" \/>\n<meta name=\"twitter:label1\" content=\"Dur\u00e9e de lecture estim\u00e9e\" \/>\n\t<meta name=\"twitter:data1\" content=\"1 minute\" \/>\n<script type=\"application\/ld+json\" class=\"yoast-schema-graph\">{\"@context\":\"https:\/\/schema.org\",\"@graph\":[{\"@type\":\"WebPage\",\"@id\":\"https:\/\/hrwize.com\/fr\/contactez-nous\/\",\"url\":\"https:\/\/hrwize.com\/fr\/contactez-nous\/\",\"name\":\"Contactez-Nous - HRWize | Solution de plateforme SIRH\",\"isPartOf\":{\"@id\":\"https:\/\/hrwize.com\/#website\"},\"primaryImageOfPage\":{\"@id\":\"https:\/\/hrwize.com\/fr\/contactez-nous\/#primaryimage\"},\"image\":{\"@id\":\"https:\/\/hrwize.com\/fr\/contactez-nous\/#primaryimage\"},\"thumbnailUrl\":\"https:\/\/hrwize.com\/wp-content\/uploads\/2021\/09\/HRWize-Logo2021-1.png\",\"datePublished\":\"2022-12-31T15:35:43+00:00\",\"dateModified\":\"2026-04-03T22:02:20+00:00\",\"description\":\"Parlez \u00e0 nos experts et voyez comment la Solution SIRH HRWize optimise vos op\u00e9rations RH, am\u00e9liore l\u2019efficacit\u00e9 et connecte vos syst\u00e8mes.\",\"breadcrumb\":{\"@id\":\"https:\/\/hrwize.com\/fr\/contactez-nous\/#breadcrumb\"},\"inLanguage\":\"fr-FR\",\"potentialAction\":[{\"@type\":\"ReadAction\",\"target\":[\"https:\/\/hrwize.com\/fr\/contactez-nous\/\"]}]},{\"@type\":\"ImageObject\",\"inLanguage\":\"fr-FR\",\"@id\":\"https:\/\/hrwize.com\/fr\/contactez-nous\/#primaryimage\",\"url\":\"https:\/\/hrwize.com\/wp-content\/uploads\/2021\/09\/HRWize-Logo2021-1.png\",\"contentUrl\":\"https:\/\/hrwize.com\/wp-content\/uploads\/2021\/09\/HRWize-Logo2021-1.png\",\"width\":596,\"height\":236,\"caption\":\"Full colour HRWize logo\"},{\"@type\":\"BreadcrumbList\",\"@id\":\"https:\/\/hrwize.com\/fr\/contactez-nous\/#breadcrumb\",\"itemListElement\":[{\"@type\":\"ListItem\",\"position\":1,\"name\":\"Home\",\"item\":\"https:\/\/hrwize.com\/fr\/\"},{\"@type\":\"ListItem\",\"position\":2,\"name\":\"Contactez-nous\"}]},{\"@type\":\"WebSite\",\"@id\":\"https:\/\/hrwize.com\/#website\",\"url\":\"https:\/\/hrwize.com\/\",\"name\":\"HRWize\",\"description\":\"HRIS solution for growing businesses\",\"publisher\":{\"@id\":\"https:\/\/hrwize.com\/#organization\"},\"potentialAction\":[{\"@type\":\"SearchAction\",\"target\":{\"@type\":\"EntryPoint\",\"urlTemplate\":\"https:\/\/hrwize.com\/?s={search_term_string}\"},\"query-input\":{\"@type\":\"PropertyValueSpecification\",\"valueRequired\":true,\"valueName\":\"search_term_string\"}}],\"inLanguage\":\"fr-FR\"},{\"@type\":\"Organization\",\"@id\":\"https:\/\/hrwize.com\/#organization\",\"name\":\"HRWize\",\"url\":\"https:\/\/hrwize.com\/\",\"logo\":{\"@type\":\"ImageObject\",\"inLanguage\":\"fr-FR\",\"@id\":\"https:\/\/hrwize.com\/#\/schema\/logo\/image\/\",\"url\":\"https:\/\/hrwize.com\/wp-content\/uploads\/2017\/03\/200-HR.png\",\"contentUrl\":\"https:\/\/hrwize.com\/wp-content\/uploads\/2017\/03\/200-HR.png\",\"width\":200,\"height\":96,\"caption\":\"HRWize\"},\"image\":{\"@id\":\"https:\/\/hrwize.com\/#\/schema\/logo\/image\/\"},\"sameAs\":[\"http:\/\/facebook.com\/hrwize\",\"https:\/\/x.com\/hrwize_\",\"http:\/\/instagram.com\/hrwize\",\"https:\/\/www.linkedin.com\/company\/15201221?trk=prof-exp-company-name\"]}]}<\/script>\n<!-- \/ Yoast SEO Premium plugin. -->","yoast_head_json":{"title":"Contactez-Nous - HRWize | Solution de plateforme SIRH","description":"Parlez \u00e0 nos experts et voyez comment la Solution SIRH HRWize optimise vos op\u00e9rations RH, am\u00e9liore l\u2019efficacit\u00e9 et connecte vos syst\u00e8mes.","robots":{"index":"index","follow":"follow","max-snippet":"max-snippet:-1","max-image-preview":"max-image-preview:large","max-video-preview":"max-video-preview:-1"},"canonical":"https:\/\/hrwize.com\/fr\/contactez-nous\/","og_locale":"fr_FR","og_type":"article","og_title":"Contactez-nous","og_description":"Parlez \u00e0 nos experts et voyez comment la Solution SIRH HRWize optimise vos op\u00e9rations RH, am\u00e9liore l\u2019efficacit\u00e9 et connecte vos syst\u00e8mes.","og_url":"https:\/\/hrwize.com\/fr\/contactez-nous\/","og_site_name":"HRWize","article_publisher":"http:\/\/facebook.com\/hrwize","article_modified_time":"2026-04-03T22:02:20+00:00","og_image":[{"width":596,"height":236,"url":"https:\/\/hrwize.com\/wp-content\/uploads\/2021\/09\/HRWize-Logo2021-1.png","type":"image\/png"}],"twitter_card":"summary_large_image","twitter_site":"@hrwize_","twitter_misc":{"Dur\u00e9e de lecture estim\u00e9e":"1 minute"},"schema":{"@context":"https:\/\/schema.org","@graph":[{"@type":"WebPage","@id":"https:\/\/hrwize.com\/fr\/contactez-nous\/","url":"https:\/\/hrwize.com\/fr\/contactez-nous\/","name":"Contactez-Nous - HRWize | Solution de plateforme SIRH","isPartOf":{"@id":"https:\/\/hrwize.com\/#website"},"primaryImageOfPage":{"@id":"https:\/\/hrwize.com\/fr\/contactez-nous\/#primaryimage"},"image":{"@id":"https:\/\/hrwize.com\/fr\/contactez-nous\/#primaryimage"},"thumbnailUrl":"https:\/\/hrwize.com\/wp-content\/uploads\/2021\/09\/HRWize-Logo2021-1.png","datePublished":"2022-12-31T15:35:43+00:00","dateModified":"2026-04-03T22:02:20+00:00","description":"Parlez \u00e0 nos experts et voyez comment la Solution SIRH HRWize optimise vos op\u00e9rations RH, am\u00e9liore l\u2019efficacit\u00e9 et connecte vos syst\u00e8mes.","breadcrumb":{"@id":"https:\/\/hrwize.com\/fr\/contactez-nous\/#breadcrumb"},"inLanguage":"fr-FR","potentialAction":[{"@type":"ReadAction","target":["https:\/\/hrwize.com\/fr\/contactez-nous\/"]}]},{"@type":"ImageObject","inLanguage":"fr-FR","@id":"https:\/\/hrwize.com\/fr\/contactez-nous\/#primaryimage","url":"https:\/\/hrwize.com\/wp-content\/uploads\/2021\/09\/HRWize-Logo2021-1.png","contentUrl":"https:\/\/hrwize.com\/wp-content\/uploads\/2021\/09\/HRWize-Logo2021-1.png","width":596,"height":236,"caption":"Full colour HRWize logo"},{"@type":"BreadcrumbList","@id":"https:\/\/hrwize.com\/fr\/contactez-nous\/#breadcrumb","itemListElement":[{"@type":"ListItem","position":1,"name":"Home","item":"https:\/\/hrwize.com\/fr\/"},{"@type":"ListItem","position":2,"name":"Contactez-nous"}]},{"@type":"WebSite","@id":"https:\/\/hrwize.com\/#website","url":"https:\/\/hrwize.com\/","name":"HRWize","description":"HRIS solution for growing businesses","publisher":{"@id":"https:\/\/hrwize.com\/#organization"},"potentialAction":[{"@type":"SearchAction","target":{"@type":"EntryPoint","urlTemplate":"https:\/\/hrwize.com\/?s={search_term_string}"},"query-input":{"@type":"PropertyValueSpecification","valueRequired":true,"valueName":"search_term_string"}}],"inLanguage":"fr-FR"},{"@type":"Organization","@id":"https:\/\/hrwize.com\/#organization","name":"HRWize","url":"https:\/\/hrwize.com\/","logo":{"@type":"ImageObject","inLanguage":"fr-FR","@id":"https:\/\/hrwize.com\/#\/schema\/logo\/image\/","url":"https:\/\/hrwize.com\/wp-content\/uploads\/2017\/03\/200-HR.png","contentUrl":"https:\/\/hrwize.com\/wp-content\/uploads\/2017\/03\/200-HR.png","width":200,"height":96,"caption":"HRWize"},"image":{"@id":"https:\/\/hrwize.com\/#\/schema\/logo\/image\/"},"sameAs":["http:\/\/facebook.com\/hrwize","https:\/\/x.com\/hrwize_","http:\/\/instagram.com\/hrwize","https:\/\/www.linkedin.com\/company\/15201221?trk=prof-exp-company-name"]}]}},"_links":{"self":[{"href":"https:\/\/hrwize.com\/fr\/wp-json\/wp\/v2\/pages\/11985","targetHints":{"allow":["GET"]}}],"collection":[{"href":"https:\/\/hrwize.com\/fr\/wp-json\/wp\/v2\/pages"}],"about":[{"href":"https:\/\/hrwize.com\/fr\/wp-json\/wp\/v2\/types\/page"}],"author":[{"embeddable":true,"href":"https:\/\/hrwize.com\/fr\/wp-json\/wp\/v2\/users\/21"}],"replies":[{"embeddable":true,"href":"https:\/\/hrwize.com\/fr\/wp-json\/wp\/v2\/comments?post=11985"}],"version-history":[{"count":11,"href":"https:\/\/hrwize.com\/fr\/wp-json\/wp\/v2\/pages\/11985\/revisions"}],"predecessor-version":[{"id":15728,"href":"https:\/\/hrwize.com\/fr\/wp-json\/wp\/v2\/pages\/11985\/revisions\/15728"}],"wp:featuredmedia":[{"embeddable":true,"href":"https:\/\/hrwize.com\/fr\/wp-json\/wp\/v2\/media\/9102"}],"wp:attachment":[{"href":"https:\/\/hrwize.com\/fr\/wp-json\/wp\/v2\/media?parent=11985"}],"curies":[{"name":"wp","href":"https:\/\/api.w.org\/{rel}","templated":true}]}}